{"id":12740,"date":"2020-12-03T18:10:48","date_gmt":"2020-12-03T18:10:48","guid":{"rendered":"http:\/\/sophiaeducationfunds.org\/cursos\/the-three-wise-men-are-coming\/"},"modified":"2020-12-03T18:37:39","modified_gmt":"2020-12-03T18:37:39","slug":"que-vienen-ssmm-los-reyes-de-oriente","status":"publish","type":"page","link":"https:\/\/sophiaeducationfunds.org\/es\/cursos\/que-vienen-ssmm-los-reyes-de-oriente\/","title":{"rendered":"\u00a1Que vienen SSMM los Reyes de Oriente!"},"content":{"rendered":"<div class=\"fusion-fullwidth fullwidth-box fusion-builder-row-1 fusion-flex-container nonhundred-percent-fullwidth non-hundred-percent-height-scrolling\" style=\"background-color: rgba(255,255,255,0);background-position: center center;background-repeat: no-repeat;border-width: 0px 0px 0px 0px;border-color:#e2e2e2;border-style:solid;\" ><div class=\"fusion-builder-row fusion-row fusion-flex-align-items-flex-start\" style=\"max-width:1456px;margin-left: calc(-4% \/ 2 );margin-right: calc(-4% \/ 2 );\"><div class=\"fusion-layout-column fusion_builder_column fusion-builder-column-0 fusion_builder_column_1_1 1_1 fusion-flex-column\"><div class=\"fusion-column-wrapper fusion-flex-justify-content-flex-start fusion-content-layout-column\" style=\"background-position:left top;background-repeat:no-repeat;-webkit-background-size:cover;-moz-background-size:cover;-o-background-size:cover;background-size:cover;padding: 0px 0px 0px 0px;\"><style type=\"text\/css\">@media only screen and (max-width:1024px) {.fusion-title.fusion-title-1{margin-top:10px!important;margin-bottom:15px!important;}}@media only screen and (max-width:640px) {.fusion-title.fusion-title-1{margin-top:10px!important;margin-bottom:10px!important;}}<\/style><div class=\"fusion-title title fusion-title-1 fusion-sep-none fusion-title-text fusion-title-size-one taronja\" style=\"margin-top:10px;margin-bottom:15px;\"><h1 class=\"title-heading-left\" style=\"margin:0;\">\u00a1Que vienen SSMM los Reyes de Oriente!<\/h1><\/div><\/div><\/div><style type=\"text\/css\">.fusion-body .fusion-builder-column-0{width:100% !important;margin-top : 0px;margin-bottom : 0px;}.fusion-builder-column-0 > .fusion-column-wrapper {padding-top : 0px !important;padding-right : 0px !important;margin-right : 1.92%;padding-bottom : 0px !important;padding-left : 0px !important;margin-left : 1.92%;}@media only screen and (max-width:1024px) {.fusion-body .fusion-builder-column-0{width:100% !important;order : 0;}.fusion-builder-column-0 > .fusion-column-wrapper {margin-right : 1.92%;margin-left : 1.92%;}}@media only screen and (max-width:640px) {.fusion-body .fusion-builder-column-0{width:100% !important;order : 0;}.fusion-builder-column-0 > .fusion-column-wrapper {margin-right : 1.92%;margin-left : 1.92%;}}<\/style><div class=\"fusion-layout-column fusion_builder_column fusion-builder-column-1 fusion_builder_column_2_3 2_3 fusion-flex-column\"><div class=\"fusion-column-wrapper fusion-flex-justify-content-flex-start fusion-content-layout-column\" style=\"background-position:left top;background-repeat:no-repeat;-webkit-background-size:cover;-moz-background-size:cover;-o-background-size:cover;background-size:cover;padding: 0px 0px 0px 0px;\"><div class=\"fusion-text fusion-text-1\" style=\"transform:translate3d(0,0,0);\"><h2 class=\"fusion-responsive-typography-calculated\" data-fontsize=\"32\" data-lineheight=\"38px\">\u00bfQu\u00e9 nos ha llevado a pensar en una carta de los Reyes hacia el ni\u00f1o?<\/h2>\n<p>El equipo de Sophia cree importante que se contribuya a la seguridad y autoestima del ni\u00f1o a partir de la mirada del adulto. Por este motivo, una carta de SSMM, que todo lo ven, hacia los peque\u00f1os, apreciando las cosas que el ni\u00f1o \/-a hace bien y alent\u00e1ndole de cara a los nuevos retos (temas que le resultan dif\u00edciles), auguran un buen inicio de a\u00f1o.<\/p>\n<h2 class=\"fusion-responsive-typography-calculated\" data-fontsize=\"32\" data-lineheight=\"38px\">\u00bfQu\u00e9 os proponemos?<\/h2>\n<p>El equipo de Sophia pedir\u00e1 al SSMM los Reyes de Oriente que escriban una carta al ni\u00f1o o ni\u00f1a, con una felicitaci\u00f3n por el trabajo realizado hasta el momento y mostrando una confianza plena hacia los retos inmediatos que tiene planteado el peque\u00f1o.<\/p>\n<h2 class=\"fusion-responsive-typography-calculated\" data-fontsize=\"32\" data-lineheight=\"38px\">Edad<\/h2>\n<p>De 4 a 6 a\u00f1os.<\/p>\n<h2 class=\"fusion-responsive-typography-calculated\" data-fontsize=\"32\" data-lineheight=\"38px\">En qu\u00e9 formato?<\/h2>\n<ol>\n<li>Ver formulario. Operativa meses de octubre, noviembre y diciembre. Programa conducido por psicopedagogos.<\/li>\n<li><\/li>\n<\/ol>\n<\/div><div class=\"fusion-separator fusion-full-width-sep\" style=\"align-self: center;margin-left: auto;margin-right: auto;margin-top:20px;width:100%;\"><\/div><div class=\"fusion-text fusion-text-2\" style=\"transform:translate3d(0,0,0);\"><h2>Formulario a rellenar por los padres:<\/h2>\n<\/div><div role=\"form\" class=\"wpcf7\" id=\"wpcf7-f12736-o1\" lang=\"es-ES\" dir=\"ltr\">\n<div class=\"screen-reader-response\"><p role=\"status\" aria-live=\"polite\" aria-atomic=\"true\"><\/p> <ul><\/ul><\/div>\n<form action=\"\/es\/wp-json\/wp\/v2\/pages\/12740#wpcf7-f12736-o1\" method=\"post\" class=\"wpcf7-form init wpcf7-acceptance-as-validation\" novalidate=\"novalidate\" data-status=\"init\">\n<div style=\"display: none;\">\n<input type=\"hidden\" name=\"_wpcf7\" value=\"12736\" \/>\n<input type=\"hidden\" name=\"_wpcf7_version\" value=\"5.3.2\" \/>\n<input type=\"hidden\" name=\"_wpcf7_locale\" value=\"es_ES\" \/>\n<input type=\"hidden\" name=\"_wpcf7_unit_tag\" value=\"wpcf7-f12736-o1\" \/>\n<input type=\"hidden\" name=\"_wpcf7_container_post\" value=\"0\" \/>\n<input type=\"hidden\" name=\"_wpcf7_posted_data_hash\" value=\"\" \/>\n<input type=\"hidden\" name=\"_wpcf7_recaptcha_response\" value=\"\" \/>\n<\/div>\n<p>Nombre (requerido)<br \/>\n    <span class=\"wpcf7-form-control-wrap your-name\"><input type=\"text\" name=\"your-name\" value=\"\" size=\"40\" class=\"wpcf7-form-control wpcf7-text wpcf7-validates-as-required\" aria-required=\"true\" aria-invalid=\"false\" \/><\/span> <\/p>\n<p>E-mail (requerido)<br \/>\n    <span class=\"wpcf7-form-control-wrap your-email\"><input type=\"email\" name=\"your-email\" value=\"\" size=\"40\" class=\"wpcf7-form-control wpcf7-text wpcf7-email wpcf7-validates-as-required wpcf7-validates-as-email\" aria-required=\"true\" aria-invalid=\"false\" \/><\/span> <\/p>\n<p>Nombre del ni\u00f1o (requerido):<br \/>\n    <span class=\"wpcf7-form-control-wrap nombre\"><input type=\"text\" name=\"nombre\" value=\"\" size=\"40\" class=\"wpcf7-form-control wpcf7-text wpcf7-validates-as-required\" aria-required=\"true\" aria-invalid=\"false\" \/><\/span> <\/p>\n<p>Direcci\u00f3n postal (requerido):<br \/>\n    <span class=\"wpcf7-form-control-wrap direccion\"><input type=\"text\" name=\"direccion\" value=\"\" size=\"40\" class=\"wpcf7-form-control wpcf7-text wpcf7-validates-as-required\" aria-required=\"true\" aria-invalid=\"false\" \/><\/span> <\/p>\n<p>Reto o m\u00e9rito reciente conseguido:<br \/>\n    <span class=\"wpcf7-form-control-wrap reto\"><input type=\"text\" name=\"reto\" value=\"\" size=\"40\" class=\"wpcf7-form-control wpcf7-text\" aria-invalid=\"false\" \/><\/span> <\/p>\n<p>Prop\u00f3sito u objetivo a alcanzar:<br \/>\n    <span class=\"wpcf7-form-control-wrap objetivo\"><textarea name=\"objetivo\" cols=\"40\" rows=\"10\" class=\"wpcf7-form-control wpcf7-textarea\" aria-invalid=\"false\"><\/textarea><\/span> <\/p>\n<p>Rey Mago preferido:<br \/>\n<span class=\"wpcf7-form-control-wrap mago\"><input type=\"text\" name=\"mago\" value=\"\" size=\"40\" class=\"wpcf7-form-control wpcf7-text\" aria-invalid=\"false\" \/><\/span><\/p>\n<p><span class=\"wpcf7-form-control-wrap acceptance-11\"><span class=\"wpcf7-form-control wpcf7-acceptance\"><span class=\"wpcf7-list-item\"><input type=\"checkbox\" name=\"acceptance-11\" value=\"1\" aria-invalid=\"false\" \/><\/span><\/span><\/span> Acepto las condiciones de la <a href=\"\/es\/aviso-legal\/\" target=\"_blank\">pol\u00edtica de privacidad<\/a><\/p>\n<p><input type=\"submit\" value=\"Enviar\" class=\"wpcf7-form-control wpcf7-submit\" \/><\/p>\n<input type='hidden' class='wpcf7-pum' value='{\"closepopup\":false,\"closedelay\":0,\"openpopup\":false,\"openpopup_id\":0}' \/><div class=\"wpcf7-response-output\" aria-hidden=\"true\"><\/div><\/form><\/div><div class=\"fusion-text fusion-text-3\" style=\"transform:translate3d(0,0,0);\"><h3 class=\"fusion-responsive-typography-calculated\" data-fontsize=\"28\" data-lineheight=\"36px\">Para m\u00e1s informaci\u00f3n:<\/h3>\n<p><a href=\"mailto:nuria@sophiaeducationfunds.org\" target=\"_blank\" rel=\"noopener noreferrer\">nuria@sophiaeducationfunds.org<\/a><br \/>\n<a href=\"https:\/\/es.wikipedia.org\/wiki\/Efecto_Pigmali%C3%B3n\" target=\"_blank\" rel=\"noopener noreferrer\">https:\/\/es.wikipedia.org\/wiki\/Efecto_Pigmali%C3%B3n<\/a><\/p>\n<\/div><\/div><\/div><style type=\"text\/css\">.fusion-body .fusion-builder-column-1{width:66.666666666667% !important;margin-top : 0px;margin-bottom : 0px;}.fusion-builder-column-1 > .fusion-column-wrapper {padding-top : 0px !important;padding-right : 0px !important;margin-right : 2.88%;padding-bottom : 0px !important;padding-left : 0px !important;margin-left : 2.88%;}@media only screen and (max-width:1024px) {.fusion-body .fusion-builder-column-1{width:100% !important;order : 0;}.fusion-builder-column-1 > .fusion-column-wrapper {margin-right : 1.92%;margin-left : 1.92%;}}@media only screen and (max-width:640px) {.fusion-body .fusion-builder-column-1{width:100% !important;order : 0;}.fusion-builder-column-1 > .fusion-column-wrapper {margin-right : 1.92%;margin-left : 1.92%;}}<\/style><div class=\"fusion-layout-column fusion_builder_column fusion-builder-column-2 fusion_builder_column_1_3 1_3 fusion-flex-column\"><div class=\"fusion-column-wrapper fusion-flex-justify-content-flex-start fusion-content-layout-column\" style=\"background-position:left top;background-repeat:no-repeat;-webkit-background-size:cover;-moz-background-size:cover;-o-background-size:cover;background-size:cover;padding: 0px 0px 0px 0px;\"><div style=\"text-align:center;\"><span class=\" fusion-imageframe imageframe-none imageframe-1 hover-type-none\"><img width=\"500\" height=\"500\" title=\"reyes\" src=\"data:image\/svg+xml,%3Csvg%20xmlns%3D%27http%3A%2F%2Fwww.w3.org%2F2000%2Fsvg%27%20width%3D%27500%27%20height%3D%27500%27%20viewBox%3D%270%200%20500%20500%27%3E%3Crect%20width%3D%27500%27%20height%3D%273500%27%20fill-opacity%3D%220%22%2F%3E%3C%2Fsvg%3E\" data-orig-src=\"http:\/\/sophiaeducationfunds.org\/wp-content\/uploads\/2016\/12\/reyes.png\" class=\"lazyload img-responsive wp-image-2766\"\/><\/span><\/div><\/div><\/div><style type=\"text\/css\">.fusion-body .fusion-builder-column-2{width:33.333333333333% !important;margin-top : 0px;margin-bottom : 0px;}.fusion-builder-column-2 > .fusion-column-wrapper {padding-top : 0px !important;padding-right : 0px !important;margin-right : 5.76%;padding-bottom : 0px !important;padding-left : 0px !important;margin-left : 5.76%;}@media only screen and (max-width:1024px) {.fusion-body .fusion-builder-column-2{width:100% !important;order : 0;}.fusion-builder-column-2 > .fusion-column-wrapper {margin-right : 1.92%;margin-left : 1.92%;}}@media only screen and (max-width:640px) {.fusion-body .fusion-builder-column-2{width:100% !important;order : 0;}.fusion-builder-column-2 > .fusion-column-wrapper {margin-right : 1.92%;margin-left : 1.92%;}}<\/style><\/div><style type=\"text\/css\">.fusion-body .fusion-flex-container.fusion-builder-row-1{ padding-top : 0px;margin-top : 0px;padding-right : 20px;padding-bottom : 0px;margin-bottom : 0px;padding-left : 20px;}<\/style><\/div>\n","protected":false},"excerpt":{"rendered":"","protected":false},"author":4,"featured_media":0,"parent":1133,"menu_order":0,"comment_status":"closed","ping_status":"closed","template":"100-width.php","meta":[],"yoast_head":"<!-- This site is optimized with the Yoast SEO plugin v18.4.1 - https:\/\/yoast.com\/wordpress\/plugins\/seo\/ -->\n<title>\u00a1Que vienen SSMM los Reyes de Oriente! &ndash; Sophia Education Funds<\/title>\n<meta name=\"robots\" content=\"index, follow, max-snippet:-1, max-image-preview:large, max-video-preview:-1\" \/>\n<link rel=\"canonical\" href=\"https:\/\/sophiaeducationfunds.org\/es\/cursos\/que-vienen-ssmm-los-reyes-de-oriente\/\" \/>\n<meta property=\"og:locale\" content=\"es_ES\" \/>\n<meta property=\"og:type\" content=\"article\" \/>\n<meta property=\"og:title\" content=\"\u00a1Que vienen SSMM los Reyes de Oriente! &ndash; Sophia Education Funds\" \/>\n<meta property=\"og:url\" content=\"https:\/\/sophiaeducationfunds.org\/es\/cursos\/que-vienen-ssmm-los-reyes-de-oriente\/\" \/>\n<meta property=\"og:site_name\" content=\"Sophia Education Funds\" \/>\n<meta property=\"article:publisher\" content=\"https:\/\/www.facebook.com\/sophiaeducationfunds\" \/>\n<meta property=\"article:modified_time\" content=\"2020-12-03T18:37:39+00:00\" \/>\n<meta name=\"twitter:card\" content=\"summary_large_image\" \/>\n<meta name=\"twitter:label1\" content=\"Tiempo de lectura\" \/>\n\t<meta name=\"twitter:data1\" content=\"8 minutos\" \/>\n<script type=\"application\/ld+json\" class=\"yoast-schema-graph\">{\"@context\":\"https:\/\/schema.org\",\"@graph\":[{\"@type\":\"Organization\",\"@id\":\"https:\/\/sophiaeducationfunds.org\/es\/#organization\",\"name\":\"Sophia Education Funds\",\"url\":\"https:\/\/sophiaeducationfunds.org\/es\/\",\"sameAs\":[\"https:\/\/www.facebook.com\/sophiaeducationfunds\",\"https:\/\/www.youtube.com\/channel\/UCgvJ52xSufTUzWaZWwJJuhw\"],\"logo\":{\"@type\":\"ImageObject\",\"@id\":\"https:\/\/sophiaeducationfunds.org\/es\/#logo\",\"inLanguage\":\"es\",\"url\":\"https:\/\/sophiaeducationfunds.org\/wp-content\/uploads\/2015\/05\/logo_sophia.png\",\"contentUrl\":\"https:\/\/sophiaeducationfunds.org\/wp-content\/uploads\/2015\/05\/logo_sophia.png\",\"width\":196,\"height\":118,\"caption\":\"Sophia Education Funds\"},\"image\":{\"@id\":\"https:\/\/sophiaeducationfunds.org\/es\/#logo\"}},{\"@type\":\"WebSite\",\"@id\":\"https:\/\/sophiaeducationfunds.org\/es\/#website\",\"url\":\"https:\/\/sophiaeducationfunds.org\/es\/\",\"name\":\"Sophia Education Funds\",\"description\":\"A way to contribute to a change\",\"publisher\":{\"@id\":\"https:\/\/sophiaeducationfunds.org\/es\/#organization\"},\"potentialAction\":[{\"@type\":\"SearchAction\",\"target\":{\"@type\":\"EntryPoint\",\"urlTemplate\":\"https:\/\/sophiaeducationfunds.org\/es\/?s={search_term_string}\"},\"query-input\":\"required name=search_term_string\"}],\"inLanguage\":\"es\"},{\"@type\":\"WebPage\",\"@id\":\"https:\/\/sophiaeducationfunds.org\/es\/cursos\/que-vienen-ssmm-los-reyes-de-oriente\/#webpage\",\"url\":\"https:\/\/sophiaeducationfunds.org\/es\/cursos\/que-vienen-ssmm-los-reyes-de-oriente\/\",\"name\":\"\u00a1Que vienen SSMM los Reyes de Oriente! &ndash; Sophia Education Funds\",\"isPartOf\":{\"@id\":\"https:\/\/sophiaeducationfunds.org\/es\/#website\"},\"datePublished\":\"2020-12-03T18:10:48+00:00\",\"dateModified\":\"2020-12-03T18:37:39+00:00\",\"breadcrumb\":{\"@id\":\"https:\/\/sophiaeducationfunds.org\/es\/cursos\/que-vienen-ssmm-los-reyes-de-oriente\/#breadcrumb\"},\"inLanguage\":\"es\",\"potentialAction\":[{\"@type\":\"ReadAction\",\"target\":[\"https:\/\/sophiaeducationfunds.org\/es\/cursos\/que-vienen-ssmm-los-reyes-de-oriente\/\"]}]},{\"@type\":\"BreadcrumbList\",\"@id\":\"https:\/\/sophiaeducationfunds.org\/es\/cursos\/que-vienen-ssmm-los-reyes-de-oriente\/#breadcrumb\",\"itemListElement\":[{\"@type\":\"ListItem\",\"position\":1,\"name\":\"Home\",\"item\":\"https:\/\/sophiaeducationfunds.org\/es\/\"},{\"@type\":\"ListItem\",\"position\":2,\"name\":\"Cursos\",\"item\":\"https:\/\/sophiaeducationfunds.org\/es\/cursos\/\"},{\"@type\":\"ListItem\",\"position\":3,\"name\":\"\u00a1Que vienen SSMM los Reyes de Oriente!\"}]}]}<\/script>\n<!-- \/ Yoast SEO plugin. -->","yoast_head_json":{"title":"\u00a1Que vienen SSMM los Reyes de Oriente! &ndash; Sophia Education Funds","robots":{"index":"index","follow":"follow","max-snippet":"max-snippet:-1","max-image-preview":"max-image-preview:large","max-video-preview":"max-video-preview:-1"},"canonical":"https:\/\/sophiaeducationfunds.org\/es\/cursos\/que-vienen-ssmm-los-reyes-de-oriente\/","og_locale":"es_ES","og_type":"article","og_title":"\u00a1Que vienen SSMM los Reyes de Oriente! &ndash; Sophia Education Funds","og_url":"https:\/\/sophiaeducationfunds.org\/es\/cursos\/que-vienen-ssmm-los-reyes-de-oriente\/","og_site_name":"Sophia Education Funds","article_publisher":"https:\/\/www.facebook.com\/sophiaeducationfunds","article_modified_time":"2020-12-03T18:37:39+00:00","twitter_card":"summary_large_image","twitter_misc":{"Tiempo de lectura":"8 minutos"},"schema":{"@context":"https:\/\/schema.org","@graph":[{"@type":"Organization","@id":"https:\/\/sophiaeducationfunds.org\/es\/#organization","name":"Sophia Education Funds","url":"https:\/\/sophiaeducationfunds.org\/es\/","sameAs":["https:\/\/www.facebook.com\/sophiaeducationfunds","https:\/\/www.youtube.com\/channel\/UCgvJ52xSufTUzWaZWwJJuhw"],"logo":{"@type":"ImageObject","@id":"https:\/\/sophiaeducationfunds.org\/es\/#logo","inLanguage":"es","url":"https:\/\/sophiaeducationfunds.org\/wp-content\/uploads\/2015\/05\/logo_sophia.png","contentUrl":"https:\/\/sophiaeducationfunds.org\/wp-content\/uploads\/2015\/05\/logo_sophia.png","width":196,"height":118,"caption":"Sophia Education Funds"},"image":{"@id":"https:\/\/sophiaeducationfunds.org\/es\/#logo"}},{"@type":"WebSite","@id":"https:\/\/sophiaeducationfunds.org\/es\/#website","url":"https:\/\/sophiaeducationfunds.org\/es\/","name":"Sophia Education Funds","description":"A way to contribute to a change","publisher":{"@id":"https:\/\/sophiaeducationfunds.org\/es\/#organization"},"potentialAction":[{"@type":"SearchAction","target":{"@type":"EntryPoint","urlTemplate":"https:\/\/sophiaeducationfunds.org\/es\/?s={search_term_string}"},"query-input":"required name=search_term_string"}],"inLanguage":"es"},{"@type":"WebPage","@id":"https:\/\/sophiaeducationfunds.org\/es\/cursos\/que-vienen-ssmm-los-reyes-de-oriente\/#webpage","url":"https:\/\/sophiaeducationfunds.org\/es\/cursos\/que-vienen-ssmm-los-reyes-de-oriente\/","name":"\u00a1Que vienen SSMM los Reyes de Oriente! &ndash; Sophia Education Funds","isPartOf":{"@id":"https:\/\/sophiaeducationfunds.org\/es\/#website"},"datePublished":"2020-12-03T18:10:48+00:00","dateModified":"2020-12-03T18:37:39+00:00","breadcrumb":{"@id":"https:\/\/sophiaeducationfunds.org\/es\/cursos\/que-vienen-ssmm-los-reyes-de-oriente\/#breadcrumb"},"inLanguage":"es","potentialAction":[{"@type":"ReadAction","target":["https:\/\/sophiaeducationfunds.org\/es\/cursos\/que-vienen-ssmm-los-reyes-de-oriente\/"]}]},{"@type":"BreadcrumbList","@id":"https:\/\/sophiaeducationfunds.org\/es\/cursos\/que-vienen-ssmm-los-reyes-de-oriente\/#breadcrumb","itemListElement":[{"@type":"ListItem","position":1,"name":"Home","item":"https:\/\/sophiaeducationfunds.org\/es\/"},{"@type":"ListItem","position":2,"name":"Cursos","item":"https:\/\/sophiaeducationfunds.org\/es\/cursos\/"},{"@type":"ListItem","position":3,"name":"\u00a1Que vienen SSMM los Reyes de Oriente!"}]}]}},"_links":{"self":[{"href":"https:\/\/sophiaeducationfunds.org\/es\/wp-json\/wp\/v2\/pages\/12740"}],"collection":[{"href":"https:\/\/sophiaeducationfunds.org\/es\/wp-json\/wp\/v2\/pages"}],"about":[{"href":"https:\/\/sophiaeducationfunds.org\/es\/wp-json\/wp\/v2\/types\/page"}],"author":[{"embeddable":true,"href":"https:\/\/sophiaeducationfunds.org\/es\/wp-json\/wp\/v2\/users\/4"}],"replies":[{"embeddable":true,"href":"https:\/\/sophiaeducationfunds.org\/es\/wp-json\/wp\/v2\/comments?post=12740"}],"version-history":[{"count":3,"href":"https:\/\/sophiaeducationfunds.org\/es\/wp-json\/wp\/v2\/pages\/12740\/revisions"}],"predecessor-version":[{"id":12750,"href":"https:\/\/sophiaeducationfunds.org\/es\/wp-json\/wp\/v2\/pages\/12740\/revisions\/12750"}],"up":[{"embeddable":true,"href":"https:\/\/sophiaeducationfunds.org\/es\/wp-json\/wp\/v2\/pages\/1133"}],"wp:attachment":[{"href":"https:\/\/sophiaeducationfunds.org\/es\/wp-json\/wp\/v2\/media?parent=12740"}],"curies":[{"name":"wp","href":"https:\/\/api.w.org\/{rel}","templated":true}]}}