{"id":11977,"date":"2020-10-24T21:27:19","date_gmt":"2020-10-24T21:27:19","guid":{"rendered":"http:\/\/sophiaeducationfunds.org\/home-schooling\/"},"modified":"2021-09-01T15:23:56","modified_gmt":"2021-09-01T15:23:56","slug":"asociate","status":"publish","type":"page","link":"https:\/\/sophiaeducationfunds.org\/es\/asociate\/","title":{"rendered":"As\u00f3ciate!"},"content":{"rendered":"<div class=\"fusion-fullwidth fullwidth-box fusion-builder-row-1 fusion-flex-container nonhundred-percent-fullwidth non-hundred-percent-height-scrolling\" style=\"background-color: rgba(255,255,255,0);background-position: center center;background-repeat: no-repeat;border-width: 0px 0px 0px 0px;border-color:#e2e2e2;border-style:solid;\" ><div class=\"fusion-builder-row fusion-row fusion-flex-align-items-flex-start fusion-flex-justify-content-center\" style=\"max-width:1456px;margin-left: calc(-4% \/ 2 );margin-right: calc(-4% \/ 2 );\"><div class=\"fusion-layout-column fusion_builder_column fusion-builder-column-0 fusion_builder_column_1_1 1_1 fusion-flex-column\"><div class=\"fusion-column-wrapper fusion-flex-justify-content-flex-start fusion-content-layout-column\" style=\"background-position:left top;background-repeat:no-repeat;-webkit-background-size:cover;-moz-background-size:cover;-o-background-size:cover;background-size:cover;padding: 0px 0px 0px 0px;\"><style type=\"text\/css\">@media only screen and (max-width:1024px) {.fusion-title.fusion-title-1{margin-top:10px!important;margin-bottom:15px!important;}}@media only screen and (max-width:640px) {.fusion-title.fusion-title-1{margin-top:10px!important;margin-bottom:10px!important;}}<\/style><div class=\"fusion-title title fusion-title-1 fusion-sep-none fusion-title-text fusion-title-size-one maj\" style=\"margin-top:10px;margin-bottom:15px;\"><h1 class=\"title-heading-left\" style=\"margin:0;\">As\u00f3ciate! &#8211; Sophia for Education Talks<\/h1><\/div><div class=\"fusion-separator fusion-full-width-sep\" style=\"align-self: center;margin-left: auto;margin-right: auto;margin-top:10px;width:100%;\"><\/div><div ><style type=\"text\/css\">.fusion-button.button-1 {border-radius:4px;}.fusion-button.button-1 .fusion-button-text {text-transform:uppercase;}<\/style><a class=\"fusion-button button-flat button-large button-default button-1 fusion-button-default-span fusion-button-default-type popmake-12627\" target=\"_self\" href=\"#\"><span class=\"fusion-button-text\">Accede al formulario de asociado<\/span><\/a><\/div>\n<div class=\"fusion-separator fusion-full-width-sep\" style=\"align-self: center;margin-left: auto;margin-right: auto;margin-top:30px;width:100%;\"><\/div><\/div><\/div><style type=\"text\/css\">.fusion-body .fusion-builder-column-0{width:100% !important;margin-top : 0px;margin-bottom : 0px;}.fusion-builder-column-0 > .fusion-column-wrapper {padding-top : 0px !important;padding-right : 0px !important;margin-right : 1.92%;padding-bottom : 0px !important;padding-left : 0px !important;margin-left : 1.92%;}@media only screen and (max-width:1024px) {.fusion-body .fusion-builder-column-0{width:100% !important;order : 0;}.fusion-builder-column-0 > .fusion-column-wrapper {margin-right : 1.92%;margin-left : 1.92%;}}@media only screen and (max-width:640px) {.fusion-body .fusion-builder-column-0{width:100% !important;order : 0;}.fusion-builder-column-0 > .fusion-column-wrapper {margin-right : 1.92%;margin-left : 1.92%;}}<\/style><div class=\"fusion-layout-column fusion_builder_column fusion-builder-column-1 fusion_builder_column_1_4 1_4 fusion-flex-column\"><div class=\"fusion-column-wrapper fusion-flex-justify-content-flex-start fusion-content-layout-column\" style=\"background-position:left top;background-repeat:no-repeat;-webkit-background-size:cover;-moz-background-size:cover;-o-background-size:cover;background-size:cover;padding: 0px 0px 0px 0px;\"><div ><span class=\" fusion-imageframe imageframe-none imageframe-1 hover-type-none\"><img width=\"400\" height=\"400\" title=\"home-schooling-picto\" src=\"https:\/\/sophiaeducationfunds.org\/wp-content\/uploads\/2020\/10\/home-schooling-picto.jpg\" data-orig-src=\"http:\/\/sophiaeducationfunds.org\/wp-content\/uploads\/2020\/10\/home-schooling-picto-400x400.jpg\" class=\"lazyload img-responsive wp-image-11952\" srcset=\"data:image\/svg+xml,%3Csvg%20xmlns%3D%27http%3A%2F%2Fwww.w3.org%2F2000%2Fsvg%27%20width%3D%27500%27%20height%3D%27500%27%20viewBox%3D%270%200%20500%20500%27%3E%3Crect%20width%3D%27500%27%20height%3D%273500%27%20fill-opacity%3D%220%22%2F%3E%3C%2Fsvg%3E\" data-srcset=\"https:\/\/sophiaeducationfunds.org\/wp-content\/uploads\/2020\/10\/home-schooling-picto-200x200.jpg 200w, https:\/\/sophiaeducationfunds.org\/wp-content\/uploads\/2020\/10\/home-schooling-picto-400x400.jpg 400w, https:\/\/sophiaeducationfunds.org\/wp-content\/uploads\/2020\/10\/home-schooling-picto.jpg 500w\" data-sizes=\"auto\" data-orig-sizes=\"(max-width: 1024px) 100vw, (max-width: 640px) 100vw, 400px\" \/><\/span><\/div><\/div><\/div><style type=\"text\/css\">.fusion-body .fusion-builder-column-1{width:25% !important;margin-top : 0px;margin-bottom : 0px;}.fusion-builder-column-1 > .fusion-column-wrapper {padding-top : 0px !important;padding-right : 0px !important;margin-right : 7.68%;padding-bottom : 0px !important;padding-left : 0px !important;margin-left : 7.68%;}@media only screen and (max-width:1024px) {.fusion-body .fusion-builder-column-1{width:100% !important;order : 0;}.fusion-builder-column-1 > .fusion-column-wrapper {margin-right : 1.92%;margin-left : 1.92%;}}@media only screen and (max-width:640px) {.fusion-body .fusion-builder-column-1{width:100% !important;order : 0;}.fusion-builder-column-1 > .fusion-column-wrapper {margin-right : 1.92%;margin-left : 1.92%;}}<\/style><div class=\"fusion-layout-column fusion_builder_column fusion-builder-column-2 fusion_builder_column_3_4 3_4 fusion-flex-column\"><div class=\"fusion-column-wrapper fusion-flex-justify-content-flex-start fusion-content-layout-column\" style=\"background-position:left top;background-repeat:no-repeat;-webkit-background-size:cover;-moz-background-size:cover;-o-background-size:cover;background-size:cover;padding: 0px 0px 0px 0px;\"><div class=\"fusion-text fusion-text-1 color-destacat1 llista-taronja\" style=\"transform:translate3d(0,0,0);\"><h2 style=\"--fontSize: 32; line-height: 1.2;\" data-fontsize=\"32\" data-lineheight=\"38.4px\" class=\"fusion-responsive-typography-calculated\">\u00bf Por qu\u00e9 asociarse a Sophia Education ?<br \/><\/h2>\n<p>Nuestros programas est\u00e1n dirigidos \u00fanicamente a los Socios, por diversos motivos, el primero porque la legalidad nos permite que los servicios a socios est\u00e9n exentos de IVA, lo cual favorece a la econom\u00eda de las familia; tambi\u00e9n porque nos facilita el crear comunidad y estar al corriente de la evoluci\u00f3n, avances e ideas que los distintos socios van aplicando, con esa visi\u00f3n com\u00fan de contribuir a un desarrollo pleno como personas y como estudiantes de nuestros hijos.<\/p>\n<h2 style=\"--fontSize: 32; line-height: 1.2;\" data-fontsize=\"32\" data-lineheight=\"38.4px\" class=\"fusion-responsive-typography-calculated\">Un poco de historia&#8230;<br \/><\/h2>\n<p>En 2020 dise\u00f1amos un programa con diversos aspectos, y ofrecimos el alta a la Asociaci\u00f3n sin conocer a fondo los costes que implicaba esta acci\u00f3n, m\u00e1s movidos por una necesidad que por una acci\u00f3n muy pensada&#8230; est\u00e1bamos dispuestos a aprender junto a vosotros.<\/p>\n<h3 style=\"--fontSize: 32; line-height: 1.2;\" data-fontsize=\"32\" data-lineheight=\"38.4px\" class=\"fusion-responsive-typography-calculated\"><span style=\"font-size: 28px;\" data-fusion-font=\"true\">Cifras de cierre<\/span><br \/><\/h3>\n<ul>\n<li>40 familias asociadas<\/li>\n<li>36 planes educativos realizados<\/li>\n<li>360 horas de preparaci\u00f3n de planes educativos, contenidos y coordinaci\u00f3n<\/li>\n<li>200 horas de participaci\u00f3n de otras personas (colaboradores, madres, \u2026)<\/li>\n<li>22 horas compartidas en encuentros de familias (seguimiento)<\/li>\n<li>60 horas de zoom de socializaci\u00f3n<\/li>\n<li>60 horas de clases de apoyo en el classroom<\/li>\n<li>18 seminarios a familias<\/li>\n<\/ul>\n<div>\n<p style=\"font-size: 32px; line-height: 1.2px; letter-spacing: 0px;\" data-fusion-font=\"true\">\n<h3 style=\"font-size: 28px; line-height: 1.2px; letter-spacing: normal;\" data-fusion-font=\"true\">Aprendizajes<\/h3>\n<\/div>\n<ul>\n<li> Aprendimos de algunas familias homeschoolers que estaban asociadas que nos encontramos en un sistema en que, a pesar de la alegalidad (no regulaci\u00f3n del HomeSchooling), se puede llevar a cabo y justificar la educaci\u00f3n en casa, siempre que haya una realidad de atenci\u00f3n y cuidado del menor.<\/li>\n<li> Aprendimos que en un colectivo grande los puntos de vista son muy diferentes, lo cual nos lleva a ratificar la importancia de poner en valor el bien superior y la protecci\u00f3n del menor en primer t\u00e9rmino.<\/li>\n<li>Aprendimos sobre los costes que llevan impl\u00edcitos la administraci\u00f3n y gesti\u00f3n de la asociaci\u00f3n, abierta a familias.<\/li>\n<li>Comprendimos el papel de los Certificados y acreditaciones de lo que estamos llevando a cabo en materia educativa en una instancia de proceso jur\u00eddico y administrativo.<\/li>\n<\/ul>\n<div>\n<h3>Legalidad<\/h3>\n<p>Sophia dispone del contacto con un colectivo de abogados que pueden contribuir con sus servicios en el caso de que alguna familia decida escolarizar con formas no convencionales, para poder dise\u00f1ar su camino educativo con garant\u00edas. <\/p>\n<h3>Certificados<\/h3>\n<p>Sophia ofrece a sus asociados certificados de cada uno de los programas que est\u00e1n llevando a cabo las familias con la Asociaci\u00f3n, para dejar constancia detallada de ellos.<\/p>\n<\/p>\n<\/div>\n<\/div><div class=\"fusion-text fusion-text-2 color-destacat1 llista-taronja\" style=\"transform:translate3d(0,0,0);\"><h1 style=\"--fontSize: 32; line-height: 1.2;\" data-fontsize=\"32\" data-lineheight=\"38.4px\" class=\"fusion-responsive-typography-calculated\"><b>Curso 2021 &#8211; 2022<\/b>  \u00a1 Abrimos <b><a href=\"https:\/\/sophiaclassroom.moodlecloud.com\/\"><span style=\"font-size: 24px; line-height: 30px;\" data-fusion-font=\"true\"><\/span><\/a><a target=\"_blank\" rel=\"noopener noreferrer\" href=\"https:\/\/sophiaclassroom.com\/\">Sophia Learning Club<\/a> <\/b>!<\/h1>\n<div>\n<p>Los aprendizajes nos han servido para reforzar transparencia y servicio al ni\u00f1o, a trav\u00e9s de su familia, por ello vamos a ofrecer los servicios siguientes, mejorados despu\u00e9s de este primer a\u00f1o de rodaje:<\/p>\n<h3 style=\"--fontSize: 28; line-height: 1.3;\" data-fontsize=\"28\" data-lineheight=\"36.4px\" class=\"fusion-responsive-typography-calculated\">&#8211; PEI (plan educativo individual)  <br \/><\/h3>\n<p>Plan para seguir los aprendizajes de los hijos en cada uno de los cursos lectivos<\/p>\n<h3 style=\"--fontSize: 28; line-height: 1.3;\" data-fontsize=\"28\" data-lineheight=\"36.4px\" class=\"fusion-responsive-typography-calculated\">&#8211; Encuentro mensual de familias <br \/><\/h3>\n<p>Participaci\u00f3n de la comunidad en los distintos retos en el camino a aprender<\/p>\n<h3 style=\"--fontSize: 28; line-height: 1.3;\" data-fontsize=\"28\" data-lineheight=\"36.4px\" class=\"fusion-responsive-typography-calculated\">&#8211; Socializaci\u00f3n de ni\u00f1os <br \/><\/h3>\n<p>Encuentros de padres e hijos los viernes, para compartir con iguales.<\/p>\n<h3 style=\"--fontSize: 28; line-height: 1.3;\" data-fontsize=\"28\" data-lineheight=\"36.4px\" class=\"fusion-responsive-typography-calculated\">&#8211; Materiales did\u00e1cticos<br \/><\/h3>\n<p>Fondo de material compartido, revisado y seleccionado de acuerdo con los est\u00e1ndares y metodolog\u00eda Sophia<\/p>\n<h3 style=\"--fontSize: 28; line-height: 1.3;\" data-fontsize=\"28\" data-lineheight=\"36.4px\" class=\"fusion-responsive-typography-calculated\">&#8211; Parents Academy: <br \/><\/h3>\n<p>Apoyo para los padres, no s\u00f3lo en la parte acad\u00e9mica sino en el desarrollo personal y espiritual del adulto y del ni\u00f1o.<\/p>\n<\/p>\n<p>Durante 2020 se trabaj\u00f3 para escribir y presentar a registro el &#8216;<b>M\u00e9todo Sophia de formaci\u00f3n integral de la persona<\/b>&#8216;, en el que se desarrollan \u00e1ngulos esenciales en materia educativa: desarrollo cognitivo de los dos hemisferios, metodolog\u00eda activa e implantaci\u00f3n real de estos temas en las aulas.<\/p>\n<\/p>\n<p>Durante 2021 se pusieron a disposici\u00f3n de las familias clases de apoyo <b>(Sophia Classroom)<\/b> para poder ver el impacto de dicho apoyo en los peque\u00f1os y aprender sobre sus necesidades en una formaci\u00f3n on-line: postura e higiene corporal (implantando m\u00e9todos de descanso temporales), uso de herramientas on-line, etc. Tambi\u00e9n nos ha servido a los docentes para comprender c\u00f3mo avanzar en el proceso de educaci\u00f3n (s.XIX) &#8211; educaci\u00f3n &#8211; aprendizaje (s.XX) y aprendizaje aut\u00f3nomo (s.XXI).<\/p>\n<\/p>\n<p><b>Durante 2022 <\/b>vamos a recorrer dos caminos: el de seguir profesionalizando la asociaci\u00f3n en su servicio al asociado (temas administrativos principalmente) y el de probar la homologaci\u00f3n de Sophia como escuela de educaci\u00f3n primaria (sea en Espa\u00f1a o en el extranjero), para poder disponer de una metodolog\u00eda de aprendizaje competencial, probada y reconocida.<\/p>\n<\/p>\n<h2 style=\"--fontSize: 32; line-height: 1.2;\" data-fontsize=\"32\" data-lineheight=\"38.4px\" class=\"fusion-responsive-typography-calculated\">\u00bf C\u00f3mo asociarse ?<br \/><\/h2>\n<\/p>\n<\/div>\n<\/div><div class=\"fusion-text fusion-text-3 enmarcat\" style=\"transform:translate3d(0,0,0);\"><p>En formato de Suscripci\u00f3n anual como socio\/a (por curso escolar) con acceso opcional a foro para familias y contenidos educativos.<\/p>\n<\/div><div class=\"fusion-separator fusion-full-width-sep\" style=\"align-self: center;margin-left: auto;margin-right: auto;margin-top:30px;width:100%;\"><\/div><div class=\"fusion-text fusion-text-4\" style=\"transform:translate3d(0,0,0);\"><p><strong>Para mas informaci\u00f3n:<\/strong><br \/>\n<a href=\"mailto:nuria@sophiaeducationfunds.org\">nuria@sophiaeducationfunds.org<\/a><\/p>\n<\/div><div class=\"fusion-separator fusion-full-width-sep\" style=\"align-self: center;margin-left: auto;margin-right: auto;margin-top:30px;width:100%;\"><\/div><\/div><\/div><style type=\"text\/css\">.fusion-body .fusion-builder-column-2{width:75% !important;margin-top : 0px;margin-bottom : 0px;}.fusion-builder-column-2 > .fusion-column-wrapper {padding-top : 0px !important;padding-right : 0px !important;margin-right : 2.56%;padding-bottom : 0px !important;padding-left : 0px !important;margin-left : 2.56%;}@media only screen and (max-width:1024px) {.fusion-body .fusion-builder-column-2{width:100% !important;order : 0;}.fusion-builder-column-2 > .fusion-column-wrapper {margin-right : 1.92%;margin-left : 1.92%;}}@media only screen and (max-width:640px) {.fusion-body .fusion-builder-column-2{width:100% !important;order : 0;}.fusion-builder-column-2 > .fusion-column-wrapper {margin-right : 1.92%;margin-left : 1.92%;}}<\/style><div class=\"fusion-layout-column fusion_builder_column fusion-builder-column-3 fusion_builder_column_1_1 1_1 fusion-flex-column\"><div class=\"fusion-column-wrapper fusion-flex-justify-content-flex-start fusion-content-layout-column\" style=\"background-position:left top;background-repeat:no-repeat;-webkit-background-size:cover;-moz-background-size:cover;-o-background-size:cover;background-size:cover;padding: 0px 0px 0px 0px;\"><style type=\"text\/css\">@media only screen and (max-width:1024px) {.fusion-title.fusion-title-2{margin-top:10px!important;margin-bottom:15px!important;}}@media only screen and (max-width:640px) {.fusion-title.fusion-title-2{margin-top:10px!important;margin-bottom:10px!important;}}<\/style><div class=\"fusion-title title fusion-title-2 fusion-sep-none fusion-title-center fusion-title-text fusion-title-size-three color-destacat1\" style=\"margin-top:10px;margin-bottom:15px;\"><h3 class=\"title-heading-center\" style=\"margin:0;\">MUCHAS GRACIAS POR VUESTRA CONCIENCIA, INTER\u00c9S E IMPLICACI\u00d3N<\/h3><\/div><div class=\"fusion-text fusion-text-5\" style=\"text-align:right;transform:translate3d(0,0,0);\"><h5 class=\"color-destacat2\">El aprendizaje es una constante que no debemos cambiar, evitar ni frenar.<br \/>\nEl objeto de la educaci\u00f3n es formar seres aptos para que se gobiernen a s\u00ed mismos, y no para<br \/>\nser gobernados por los dem\u00e1s.<\/h5>\n<p>Herbert Spencer<\/p>\n<\/div><\/div><\/div><style type=\"text\/css\">.fusion-body .fusion-builder-column-3{width:100% !important;margin-top : 0px;margin-bottom : 0px;}.fusion-builder-column-3 > .fusion-column-wrapper {padding-top : 0px !important;padding-right : 0px !important;margin-right : 1.92%;padding-bottom : 0px !important;padding-left : 0px !important;margin-left : 1.92%;}@media only screen and (max-width:1024px) {.fusion-body .fusion-builder-column-3{width:100% !important;order : 0;}.fusion-builder-column-3 > .fusion-column-wrapper {margin-right : 1.92%;margin-left : 1.92%;}}@media only screen and (max-width:640px) {.fusion-body .fusion-builder-column-3{width:100% !important;order : 0;}.fusion-builder-column-3 > .fusion-column-wrapper {margin-right : 1.92%;margin-left : 1.92%;}}<\/style><\/div><style type=\"text\/css\">.fusion-body .fusion-flex-container.fusion-builder-row-1{ padding-top : 0px;margin-top : 0px;padding-right : 20px;padding-bottom : 0px;margin-bottom : 0px;padding-left : 20px;}<\/style><\/div>\n","protected":false},"excerpt":{"rendered":"","protected":false},"author":4,"featured_media":0,"parent":0,"menu_order":0,"comment_status":"closed","ping_status":"closed","template":"","meta":[],"yoast_head":"<!-- This site is optimized with the Yoast SEO plugin v18.4.1 - https:\/\/yoast.com\/wordpress\/plugins\/seo\/ -->\n<title>As\u00f3ciate! &ndash; Sophia Education Funds<\/title>\n<meta name=\"robots\" content=\"index, follow, max-snippet:-1, max-image-preview:large, max-video-preview:-1\" \/>\n<link rel=\"canonical\" href=\"https:\/\/sophiaeducationfunds.org\/es\/asociate\/\" \/>\n<meta property=\"og:locale\" content=\"es_ES\" \/>\n<meta property=\"og:type\" content=\"article\" \/>\n<meta property=\"og:title\" content=\"As\u00f3ciate! &ndash; Sophia Education Funds\" \/>\n<meta property=\"og:url\" content=\"https:\/\/sophiaeducationfunds.org\/es\/asociate\/\" \/>\n<meta property=\"og:site_name\" content=\"Sophia Education Funds\" \/>\n<meta property=\"article:publisher\" content=\"https:\/\/www.facebook.com\/sophiaeducationfunds\" \/>\n<meta property=\"article:modified_time\" content=\"2021-09-01T15:23:56+00:00\" \/>\n<meta name=\"twitter:card\" content=\"summary_large_image\" \/>\n<meta name=\"twitter:label1\" content=\"Tiempo de lectura\" \/>\n\t<meta name=\"twitter:data1\" content=\"15 minutos\" \/>\n<script type=\"application\/ld+json\" class=\"yoast-schema-graph\">{\"@context\":\"https:\/\/schema.org\",\"@graph\":[{\"@type\":\"Organization\",\"@id\":\"https:\/\/sophiaeducationfunds.org\/es\/#organization\",\"name\":\"Sophia Education Funds\",\"url\":\"https:\/\/sophiaeducationfunds.org\/es\/\",\"sameAs\":[\"https:\/\/www.facebook.com\/sophiaeducationfunds\",\"https:\/\/www.youtube.com\/channel\/UCgvJ52xSufTUzWaZWwJJuhw\"],\"logo\":{\"@type\":\"ImageObject\",\"@id\":\"https:\/\/sophiaeducationfunds.org\/es\/#logo\",\"inLanguage\":\"es\",\"url\":\"https:\/\/sophiaeducationfunds.org\/wp-content\/uploads\/2015\/05\/logo_sophia.png\",\"contentUrl\":\"https:\/\/sophiaeducationfunds.org\/wp-content\/uploads\/2015\/05\/logo_sophia.png\",\"width\":196,\"height\":118,\"caption\":\"Sophia Education Funds\"},\"image\":{\"@id\":\"https:\/\/sophiaeducationfunds.org\/es\/#logo\"}},{\"@type\":\"WebSite\",\"@id\":\"https:\/\/sophiaeducationfunds.org\/es\/#website\",\"url\":\"https:\/\/sophiaeducationfunds.org\/es\/\",\"name\":\"Sophia Education Funds\",\"description\":\"A way to contribute to a change\",\"publisher\":{\"@id\":\"https:\/\/sophiaeducationfunds.org\/es\/#organization\"},\"potentialAction\":[{\"@type\":\"SearchAction\",\"target\":{\"@type\":\"EntryPoint\",\"urlTemplate\":\"https:\/\/sophiaeducationfunds.org\/es\/?s={search_term_string}\"},\"query-input\":\"required name=search_term_string\"}],\"inLanguage\":\"es\"},{\"@type\":\"WebPage\",\"@id\":\"https:\/\/sophiaeducationfunds.org\/es\/asociate\/#webpage\",\"url\":\"https:\/\/sophiaeducationfunds.org\/es\/asociate\/\",\"name\":\"As\u00f3ciate! &ndash; Sophia Education Funds\",\"isPartOf\":{\"@id\":\"https:\/\/sophiaeducationfunds.org\/es\/#website\"},\"datePublished\":\"2020-10-24T21:27:19+00:00\",\"dateModified\":\"2021-09-01T15:23:56+00:00\",\"breadcrumb\":{\"@id\":\"https:\/\/sophiaeducationfunds.org\/es\/asociate\/#breadcrumb\"},\"inLanguage\":\"es\",\"potentialAction\":[{\"@type\":\"ReadAction\",\"target\":[\"https:\/\/sophiaeducationfunds.org\/es\/asociate\/\"]}]},{\"@type\":\"BreadcrumbList\",\"@id\":\"https:\/\/sophiaeducationfunds.org\/es\/asociate\/#breadcrumb\",\"itemListElement\":[{\"@type\":\"ListItem\",\"position\":1,\"name\":\"Home\",\"item\":\"https:\/\/sophiaeducationfunds.org\/es\/\"},{\"@type\":\"ListItem\",\"position\":2,\"name\":\"As\u00f3ciate!\"}]}]}<\/script>\n<!-- \/ Yoast SEO plugin. -->","yoast_head_json":{"title":"As\u00f3ciate! &ndash; Sophia Education Funds","robots":{"index":"index","follow":"follow","max-snippet":"max-snippet:-1","max-image-preview":"max-image-preview:large","max-video-preview":"max-video-preview:-1"},"canonical":"https:\/\/sophiaeducationfunds.org\/es\/asociate\/","og_locale":"es_ES","og_type":"article","og_title":"As\u00f3ciate! &ndash; Sophia Education Funds","og_url":"https:\/\/sophiaeducationfunds.org\/es\/asociate\/","og_site_name":"Sophia Education Funds","article_publisher":"https:\/\/www.facebook.com\/sophiaeducationfunds","article_modified_time":"2021-09-01T15:23:56+00:00","twitter_card":"summary_large_image","twitter_misc":{"Tiempo de lectura":"15 minutos"},"schema":{"@context":"https:\/\/schema.org","@graph":[{"@type":"Organization","@id":"https:\/\/sophiaeducationfunds.org\/es\/#organization","name":"Sophia Education Funds","url":"https:\/\/sophiaeducationfunds.org\/es\/","sameAs":["https:\/\/www.facebook.com\/sophiaeducationfunds","https:\/\/www.youtube.com\/channel\/UCgvJ52xSufTUzWaZWwJJuhw"],"logo":{"@type":"ImageObject","@id":"https:\/\/sophiaeducationfunds.org\/es\/#logo","inLanguage":"es","url":"https:\/\/sophiaeducationfunds.org\/wp-content\/uploads\/2015\/05\/logo_sophia.png","contentUrl":"https:\/\/sophiaeducationfunds.org\/wp-content\/uploads\/2015\/05\/logo_sophia.png","width":196,"height":118,"caption":"Sophia Education Funds"},"image":{"@id":"https:\/\/sophiaeducationfunds.org\/es\/#logo"}},{"@type":"WebSite","@id":"https:\/\/sophiaeducationfunds.org\/es\/#website","url":"https:\/\/sophiaeducationfunds.org\/es\/","name":"Sophia Education Funds","description":"A way to contribute to a change","publisher":{"@id":"https:\/\/sophiaeducationfunds.org\/es\/#organization"},"potentialAction":[{"@type":"SearchAction","target":{"@type":"EntryPoint","urlTemplate":"https:\/\/sophiaeducationfunds.org\/es\/?s={search_term_string}"},"query-input":"required name=search_term_string"}],"inLanguage":"es"},{"@type":"WebPage","@id":"https:\/\/sophiaeducationfunds.org\/es\/asociate\/#webpage","url":"https:\/\/sophiaeducationfunds.org\/es\/asociate\/","name":"As\u00f3ciate! &ndash; Sophia Education Funds","isPartOf":{"@id":"https:\/\/sophiaeducationfunds.org\/es\/#website"},"datePublished":"2020-10-24T21:27:19+00:00","dateModified":"2021-09-01T15:23:56+00:00","breadcrumb":{"@id":"https:\/\/sophiaeducationfunds.org\/es\/asociate\/#breadcrumb"},"inLanguage":"es","potentialAction":[{"@type":"ReadAction","target":["https:\/\/sophiaeducationfunds.org\/es\/asociate\/"]}]},{"@type":"BreadcrumbList","@id":"https:\/\/sophiaeducationfunds.org\/es\/asociate\/#breadcrumb","itemListElement":[{"@type":"ListItem","position":1,"name":"Home","item":"https:\/\/sophiaeducationfunds.org\/es\/"},{"@type":"ListItem","position":2,"name":"As\u00f3ciate!"}]}]}},"_links":{"self":[{"href":"https:\/\/sophiaeducationfunds.org\/es\/wp-json\/wp\/v2\/pages\/11977"}],"collection":[{"href":"https:\/\/sophiaeducationfunds.org\/es\/wp-json\/wp\/v2\/pages"}],"about":[{"href":"https:\/\/sophiaeducationfunds.org\/es\/wp-json\/wp\/v2\/types\/page"}],"author":[{"embeddable":true,"href":"https:\/\/sophiaeducationfunds.org\/es\/wp-json\/wp\/v2\/users\/4"}],"replies":[{"embeddable":true,"href":"https:\/\/sophiaeducationfunds.org\/es\/wp-json\/wp\/v2\/comments?post=11977"}],"version-history":[{"count":39,"href":"https:\/\/sophiaeducationfunds.org\/es\/wp-json\/wp\/v2\/pages\/11977\/revisions"}],"predecessor-version":[{"id":12793,"href":"https:\/\/sophiaeducationfunds.org\/es\/wp-json\/wp\/v2\/pages\/11977\/revisions\/12793"}],"wp:attachment":[{"href":"https:\/\/sophiaeducationfunds.org\/es\/wp-json\/wp\/v2\/media?parent=11977"}],"curies":[{"name":"wp","href":"https:\/\/api.w.org\/{rel}","templated":true}]}}