{"id":11537,"date":"2015-05-07T15:53:44","date_gmt":"2015-05-07T15:53:44","guid":{"rendered":"http:\/\/sophiaeducationfunds.org\/legal-notice\/"},"modified":"2021-05-28T11:01:29","modified_gmt":"2021-05-28T11:01:29","slug":"aviso-legal","status":"publish","type":"page","link":"https:\/\/sophiaeducationfunds.org\/es\/aviso-legal\/","title":{"rendered":"Aviso Legal"},"content":{"rendered":"<div class=\"fusion-fullwidth fullwidth-box fusion-builder-row-1 fusion-flex-container nonhundred-percent-fullwidth non-hundred-percent-height-scrolling\" style=\"background-color: rgba(255,255,255,0);background-position: center center;background-repeat: no-repeat;border-width: 0px 0px 0px 0px;border-color:#e2e2e2;border-style:solid;\" ><div class=\"fusion-builder-row fusion-row fusion-flex-align-items-flex-start\" style=\"max-width:1456px;margin-left: calc(-4% \/ 2 );margin-right: calc(-4% \/ 2 );\"><div class=\"fusion-layout-column fusion_builder_column fusion-builder-column-0 fusion_builder_column_1_1 1_1 fusion-flex-column\"><div class=\"fusion-column-wrapper fusion-flex-justify-content-flex-start fusion-content-layout-column\" style=\"background-position:left top;background-repeat:no-repeat;-webkit-background-size:cover;-moz-background-size:cover;-o-background-size:cover;background-size:cover;padding: 0px 0px 0px 0px;\"><div class=\"fusion-text fusion-text-1\" style=\"transform:translate3d(0,0,0);\"><p><strong>Aviso legal<\/strong><\/p>\n<p>En cumplimiento con el deber de informaci\u00f3n recogido en la Ley Org\u00e1nica 3\/2018, de 5 de diciembre, de Protecci\u00f3n de Datos Personales y garant\u00eda de los derechos digitales, le informamos que el Sitio Web y el portal de Internet http:\/\/sophiaeducationfunds.org\/?lang=es (en adelante, el \u00abWeb\u00bb) es titularidad de Sophia for Education Talks, con domicilio social en Muntaner, 292 con CIF n\u00ba G66676966. El presente aviso legal regula las condiciones de uso del citado portal de Internet.<\/p>\n<p>El presente aviso legal regula el uso del dominio ya sea con su actual denominaci\u00f3n http:\/\/sophiaeducationfunds.org\/?lang=es o con cualquier otra con la que pueda figurar en el futuro, as\u00ed como las responsabilidades derivadas de la autorizaci\u00f3n del mismo Sophia for Education Talks respeta tu privacidad y se esfuerza para ofrecerte una experiencia de cliente segura.<\/p>\n<p><u>Usuarios<\/u><\/p>\n<p>Se entiende por \u201cusuario\u201d aquella persona, ya sea f\u00edsica o jur\u00eddica, que acceda, navegue, utilice o participe en los servicios y actividades, gratuitas u onerosas, desarrolladas mediante el presente Sitio Web.<\/p>\n<p><u>Ley aplicable y jurisdicci\u00f3n<\/u><\/p>\n<p>Con car\u00e1cter general las relaciones entre Sophia for Education Talks y los usuarios de sus servicios telem\u00e1ticos, presentes en la web, se encuentran sometidas a la legislaci\u00f3n y jurisdicci\u00f3n espa\u00f1olas.<\/p>\n<p>Las partes renuncian expresamente al fuero que les pudiera corresponder y someten expresamente a los Juzgados y Tribunales de Barcelona para resolver cualquier controversia que pueda surgir en la interpretaci\u00f3n o ejecuci\u00f3n de las presentes condiciones contractuales.<\/p>\n<p><u>Aceptaci\u00f3n del usuario<\/u><\/p>\n<p>Este Aviso Legal regula el acceso y utilizaci\u00f3n de la p\u00e1gina web qu\u00e9 Sophia for Education Talks pone a la disposici\u00f3n de los usuarios de Internet. Se considera usuario la persona que acceda, navegue, utilice o participe en los servicios y actividades de la p\u00e1gina web.<\/p>\n<p>El usuario queda informado, y acepta, que el acceso a la presente web no supone, en modo alguno, el inicio de una relaci\u00f3n comercial con Sophia for Education Talks.<\/p>\n<p>El acceso y navegaci\u00f3n en el sitio web por parte del usuario supone la aceptaci\u00f3n de la totalidad de las presentes Condiciones de Uso. En caso de desacuerdo con las condiciones debe abstenerse a usar el sitio web.<\/p>\n<p><u>Acceso a la web<\/u><\/p>\n<p>El acceso a la p\u00e1gina web por parte de los usuarios es de car\u00e1cter libre y gratuito. Algunos servicios pueden encontrarse sujetos a contrataci\u00f3n previa del servicio.<\/p>\n<p>En caso de ser necesario que el usuario aporte datos personales para acceder a alguno de los servicios, la recogida y el tratamiento de los datos se realizar\u00e1n de conformidad con la normativa vigente, en concreto con el RGPD. Para m\u00e1s informaci\u00f3n, consulte nuestra pol\u00edtica de privacidad http:\/\/sophiaeducationfunds.org\/?lang=es.<\/p>\n<p><u>Contenido y uso<\/u><\/p>\n<p>Le rogamos que lea atentamente el Aviso Legal, nuestra Pol\u00edtica de Cookies y nuestra Pol\u00edtica de Privacidad antes de usar la presente p\u00e1gina web. Mediante el acceso y uso, usted consiente quedar vinculado por los textos citados. Si tiene alguna pregunta relacionada con lo anteriormente indicado, puede ponerse en contacto con Sophia for Education Talks a trav\u00e9s de las v\u00edas de contacto facilitadas en el presente texto.<\/p>\n<p>La visita al sitio web por parte del usuario deber\u00e1 hacerse de forma responsable y de conformidad a la legalidad vigente, la buena fe, el presente Aviso Legal y respetando los derechos de propiedad intelectual e industrial de titularidad de Sophia for Education Talks o cualquier otras personas f\u00edsicas o jur\u00eddicas.<\/p>\n<p>El usuario se compromete a facilitar a Sophia for Education Talks. sus datos de contacto de forma veraz y exacta (correo electr\u00f3nico y dem\u00e1s datos de contacto necesarios), as\u00ed como a no proporcionar informaci\u00f3n o documentaci\u00f3n falsa, fraudulenta o il\u00edcita.<\/p>\n<p>El uso de cualquiera de los contenidos del sitio web con finalidades que sean o pudieran ser il\u00edcitas queda totalmente prohibido, as\u00ed como la realizaci\u00f3n de cualquier acci\u00f3n que cause o pueda causar da\u00f1os o alteraciones de cualquier tipo no consentidas por Sophia for Education Talks, al sitio web o a sus contenidos.<\/p>\n<p>Cualquier incumplimiento de las cl\u00e1usulas contenidas en el presente Sitio Web (Aviso legal, Pol\u00edtica de Privacidad, Pol\u00edtica de Cookies, as\u00ed como otros contenidos que contienen obligaciones para el usuario), as\u00ed como cualquier incumplimiento de la legalidad vigente en Espa\u00f1a, ser\u00e1 comunicado de manera inmediata a las autoridades pertinentes, por parte de. Sophia for Education Talks, comprometi\u00e9ndose \u00e9sta a cooperar con las mismas.<\/p>\n<p>Nadie debe realizar un uso indebido de la presente p\u00e1gina web mediante la introducci\u00f3n intencionada de programas o materiales tecnol\u00f3gicos perjudiciales o da\u00f1inos para la misma (por ejemplo, de virus o troyanos). No se permite el acceso no autorizado al servidor donde se encuentre alojada o relacionada informaci\u00f3n sobre la p\u00e1gina web. De la misma manera, queda totalmente prohibido realizar ataques de denegaci\u00f3n de servicios o de servicio distribuido.<\/p>\n<p>El titula r del web no se identifica con las opiniones vertidas en el mismo por sus colaboradores. La asociaci\u00f3n se reserva el derecho de efectuar sin previo aviso las modificaciones que considere oportunas en su Web, pudiendo cambiar, suprimir o a\u00f1adir tanto los contenidos y servicios que se presten a trav\u00e9s de la misma como la forma en la que \u00e9stos aparezcan presentados o localizados en sus servidores.<\/p>\n<p><u>Protecci\u00f3n de Datos de Car\u00e1cter personal<\/u><\/p>\n<p>La informaci\u00f3n o datos personales facilitados mediante el presente sitio web facilite ser\u00e1n tratados con arreglo a lo establecido en la Pol\u00edtica de Privacidad, as\u00ed conforme a la legislaci\u00f3n vigente sobre la misma.<\/p>\n<p>Los datos de car\u00e1cter personal proporcionados por parte del usuario mediante el presente sitio web formar\u00e1n parte de los ficheros y registros de actividad del titular del mismo y ser\u00e1n tratados de acuerdo a lo establecido en la Pol\u00edtica de Privacidad con los fines indicados para cada caso. Dicha informaci\u00f3n tendr\u00e1 car\u00e1cter confidencial y secreto, no pudiendo ser revelada a terceros ajenos, sin causa legalmente justificada o autorizaci\u00f3n expresa del usuario en cuesti\u00f3n.<\/p>\n<p>El usuario tiene derecho al acceso, oposici\u00f3n, rectificaci\u00f3n, cancelaci\u00f3n, revocaci\u00f3n, limitaci\u00f3n y portabilidad de sus datos personales a trav\u00e9s de la direcci\u00f3n de correo electr\u00f3nico: nuria@sophiaeducationfunds.org<\/p>\n<p>Para m\u00e1s informaci\u00f3n puede consultar nuestra Pol\u00edtica de Privacidad.<\/p>\n<p><u>Propiedad intelectual e industrial<\/u><\/p>\n<p>Los derechos de propiedad intelectual del contenido de las p\u00e1ginas web, su dise\u00f1o gr\u00e1fico y c\u00f3digos son titularidad de Nuria Bosch y de Sophia Education y, por tanto, queda prohibida su reproducci\u00f3n, distribuci\u00f3n, comunicaci\u00f3n p\u00fablica, transformaci\u00f3n o cualquier otra actividad que se realice con los contenidos de la p\u00e1gina web, ni siquiera aunque se citen las fuentes, salvo que se cuente con el consentimiento previo, expreso y por escrito de Sophia for Education Talks. Todos los nombres comerciales, marcas o signos distintos de cualquier clase contenidos en las p\u00e1ginas web de la empresa son propiedad de sus due\u00f1os y est\u00e1n protegidos por Ley.<\/p>\n<p>Sophia for Education Talks no concede ninguna licencia o autorizaci\u00f3n de uso de ninguna clase sobre sus derechos de propiedad intelectual e industrial o sobre cualquier otra propiedad o derecho relacionado con el sitio web, y en ning\u00fan caso se entender\u00e1 que el acceso y navegaci\u00f3n de los usuarios implica una renuncia, transmisi\u00f3n, licencia o cesi\u00f3n total ni parcial de dichos derechos por parte de Nuria Bosch o de Sophia for Education Talks.<\/p>\n<p>Cualquier uso de esos contenidos no autorizado previamente por parte de Sophia for Education Talks ser\u00e1 considerado un incumplimiento grave de los derechos de propiedad intelectual o industrial y dar\u00e1 lugar a las responsabilidades legalmente establecidas. Sophia for Education Talks se reserva el derecho de ejercitar frente al usuario las acciones judiciales y extrajudiciales que correspondan.<\/p>\n<p><u>Responsabilidad y garant\u00edas<\/u><\/p>\n<p>Sophia for Education Talks declara que ha adoptado las medidas necesarias que, dentro de sus posibilidades y el estado de la tecnolog\u00eda, permitan el correcto funcionamiento de su sitio web as\u00ed como la ausencia de virus y componentes da\u00f1inos. Sin embargo, Sophia for Education Talks no puede hacerse responsable de las siguientes situaciones que se enumeran a t\u00edtulo enunciativo, pero no limitativo:<\/p>\n<p>La continuidad y disponibilidad de los Contenidos.<\/p>\n<p>La ausencia de errores en dichos Contenidos ni la correcci\u00f3n de cualquier defecto que pudiera ocurrir.<\/p>\n<p>La ausencia de virus y\/o dem\u00e1s componentes da\u00f1inos.<\/p>\n<p>Los da\u00f1os o perjuicios que cause cualquier persona que vulnere los sistemas de seguridad de Sophia for Education Talks.<\/p>\n<p>El uso que los usuarios puedan hacer de los contenidos incluidos en el web. En consecuencia, Sophia for Education Talks no garantiza que el uso que los usuarios puedan hacer de los contenidos que en su caso se incluyan en el sitio web, se ajusten al presente aviso legal, ni que el uso del sitio web se realice de forma diligente.<\/p>\n<p>El uso por menores de edad del sitio web o del env\u00edo de sus datos personales sin el permiso de sus tutores, siendo los tutores responsables del uso que hagan de Internet.<\/p>\n<p>Los contenidos a los que el usuario pueda acceder a trav\u00e9s de enlaces no autorizados o introducidos por usuarios mediante comentarios o herramientas similares.<\/p>\n<p>La introducci\u00f3n de datos err\u00f3neos por parte del usuario o de un tercero.<\/p>\n<p>Sophia for Education Talks podr\u00e1 suspender temporalmente y sin previo aviso, la accesibilidad al sitio web con motivo de operaciones de mantenimiento, reparaci\u00f3n, actualizaci\u00f3n o mejora. No obstante, siempre que las circunstancias lo permitan, Sophia for Education Talks comunicar\u00e1 al usuario, con antelaci\u00f3n suficiente, la fecha prevista para la suspensi\u00f3n de los contenidos.<\/p>\n<p>Asimismo, de conformidad con los Arts. 11 y 16 de la Ley 34\/2002, de 11 de julio, de servicios de la sociedad de la informaci\u00f3n y de comercio electr\u00f3nico (LSSICE), Sophia for Education Talks se compromete a la eliminaci\u00f3n o, en su caso, bloqueo de los contenidos que pudieran afectar o ser contrarios a la legislaci\u00f3n vigente, los derechos de terceros o la moral y orden p\u00fablico.<\/p>\n<p><u>Calidad de la P\u00e1gina<\/u><\/p>\n<p>Sophia for Education Talks. Pone todos sus medios para que el contenido e informaci\u00f3n suministrados mediante el presente sitio web cumpla con los est\u00e1ndares de calidad, veracidad, exactitud, fiabilidad, utilidad y actualidad. No obstante, debido a la constante din\u00e1mica a la que se ve sujeta la informaci\u00f3n contenida, no se garantiza el completo cumplimiento de dichos est\u00e1ndares en todo momento, pese a que se realizar\u00e1n los mejores esfuerzos para ello, y dado el caso, se proceder\u00e1 a la subsanaci\u00f3n y\/o actualizaci\u00f3n conveniente lo m\u00e1s pronto que resulte posible.<\/p>\n<p>Asimismo, el mero acceso a la informaci\u00f3n contenida en el presente sitio web no vincula de manera alguna al usuario, por lo que no le genera ning\u00fan compromiso contractual. El acceso a dicha informaci\u00f3n solamente tiene car\u00e1cter informativo, consultivo y\/o publicitario.<\/p>\n<p><u>Cookies<\/u><\/p>\n<p>Sophia for Education Talks utiliza cookies, a los efectos de optimizar y personalizar su navegaci\u00f3n por el sitio web. Las cookies son ficheros f\u00edsicos de informaci\u00f3n que se alojan en el propio terminal del usuario, la informaci\u00f3n recogida mediante las cookies sirve para facilitar la navegaci\u00f3n del usuario por el portal y optimizar la experiencia de navegaci\u00f3n. Los datos recopilados mediante las cookies pueden ser compartidos con los creadores de las mismas, pero en ning\u00fan caso la informaci\u00f3n obtenida por las mismas ser\u00e1 asociada a datos personales ni a datos que puedan identificar al usuario.<\/p>\n<p>Sin embargo, si el usuario no desea que se instalen cookies en su disco duro, tiene la posibilidad de configurar el navegador de tal modo que impida la instalaci\u00f3n de estos archivos. Para obtener m\u00e1s informaci\u00f3n consulte nuestra Pol\u00edtica de Cookies.<\/p>\n<p><u>Enlaces (links)<\/u><\/p>\n<p>La presencia de enlaces (links) en la p\u00e1gina web de Sophia for Education Talks hacia otros sitios de Internet tiene finalidad meramente informativa y en ning\u00fan caso suponen sugerencia, invitaci\u00f3n o recomendaci\u00f3n sobre los mismos. Sophia for Education Talks no asumir\u00e1 responsabilidad por los contenidos de un enlace perteneciente a un sitio web ajeno, ni garantizar\u00e1 la fiabilidad, exactitud, amplitud, veracidad, validez y disponibilidad t\u00e9cnica.<\/p>\n<p>En el caso de que en otros sitios web se establezcan enlaces a la p\u00e1gina web de Sophia for Education Talks, no se entender\u00e1 que Sophia for Education Talks ha autorizado el enlace o el contenido del sitio web en el que se contiene el enlace, tampoco podr\u00e1 incluirse en la p\u00e1gina del enlace contenidos inapropiados, difamatorios, ilegales, obscenos o il\u00edcitos, ni otros contenidos que sean contrarios a la legalidad vigente.<\/p>\n<p>Sophia for Education Talks se reserva la posibilidad de contactar con el propietario del sitio web en el que se establezca el enlace si considera que se incumple la normativa, as\u00ed como de ejercitar las correspondientes acciones judiciales y extrajudiciales.<\/p>\n<p><u>Modificaci\u00f3n de las condiciones<\/u><\/p>\n<p>Sophia for Education Talks se reserva expresamente el derecho a modificar unilateralmente, total o parcialmente, sin necesidad de previo aviso, el presente Aviso Legal produciendo efectos desde el mismo momento de su publicaci\u00f3n. Y el usuario reconoce y acepta que es su responsabilidad revisar peri\u00f3dicamente el presente Aviso Legal.<\/p>\n<p>El Sitio Web tiene car\u00e1cter indefinido en lo que a su visualizaci\u00f3n de Internet respecta. No obstante, en cuanto al contenido de la misma, la asociaci\u00f3n se reserva el derecho a efectuar las modificaciones que considere oportunas sin previo aviso, pudiendo cambiar, suprimir o a\u00f1adir tanto los contenidos y servicios que se presten a trav\u00e9s de la misma, como la forma en la que estos aparezcan presentados o localizados.<\/p>\n<\/div><\/div><\/div><style type=\"text\/css\">.fusion-body .fusion-builder-column-0{width:100% !important;margin-top : 0px;margin-bottom : 0px;}.fusion-builder-column-0 > .fusion-column-wrapper {padding-top : 0px !important;padding-right : 0px !important;margin-right : 1.92%;padding-bottom : 0px !important;padding-left : 0px !important;margin-left : 1.92%;}@media only screen and (max-width:1024px) {.fusion-body .fusion-builder-column-0{width:100% !important;}.fusion-builder-column-0 > .fusion-column-wrapper {margin-right : 1.92%;margin-left : 1.92%;}}@media only screen and (max-width:640px) {.fusion-body .fusion-builder-column-0{width:100% !important;}.fusion-builder-column-0 > .fusion-column-wrapper {margin-right : 1.92%;margin-left : 1.92%;}}<\/style><\/div><style type=\"text\/css\">.fusion-body .fusion-flex-container.fusion-builder-row-1{ padding-top : 0px;margin-top : 0px;padding-right : 20px;padding-bottom : 0px;margin-bottom : 0px;padding-left : 20px;}<\/style><\/div>\n","protected":false},"excerpt":{"rendered":"","protected":false},"author":4,"featured_media":0,"parent":0,"menu_order":0,"comment_status":"closed","ping_status":"closed","template":"","meta":[],"yoast_head":"<!-- This site is optimized with the Yoast SEO plugin v18.4.1 - https:\/\/yoast.com\/wordpress\/plugins\/seo\/ -->\n<title>Aviso Legal &ndash; Sophia Education Funds<\/title>\n<meta name=\"robots\" content=\"index, follow, max-snippet:-1, max-image-preview:large, max-video-preview:-1\" \/>\n<link rel=\"canonical\" href=\"https:\/\/sophiaeducationfunds.org\/es\/aviso-legal\/\" \/>\n<meta property=\"og:locale\" content=\"es_ES\" \/>\n<meta property=\"og:type\" content=\"article\" \/>\n<meta property=\"og:title\" content=\"Aviso Legal &ndash; Sophia Education Funds\" \/>\n<meta property=\"og:url\" content=\"https:\/\/sophiaeducationfunds.org\/es\/aviso-legal\/\" \/>\n<meta property=\"og:site_name\" content=\"Sophia Education Funds\" \/>\n<meta property=\"article:publisher\" content=\"https:\/\/www.facebook.com\/sophiaeducationfunds\" \/>\n<meta property=\"article:modified_time\" content=\"2021-05-28T11:01:29+00:00\" \/>\n<meta name=\"twitter:card\" content=\"summary_large_image\" \/>\n<meta name=\"twitter:label1\" content=\"Tiempo de lectura\" \/>\n\t<meta name=\"twitter:data1\" content=\"13 minutos\" \/>\n<script type=\"application\/ld+json\" class=\"yoast-schema-graph\">{\"@context\":\"https:\/\/schema.org\",\"@graph\":[{\"@type\":\"Organization\",\"@id\":\"https:\/\/sophiaeducationfunds.org\/es\/#organization\",\"name\":\"Sophia Education Funds\",\"url\":\"https:\/\/sophiaeducationfunds.org\/es\/\",\"sameAs\":[\"https:\/\/www.facebook.com\/sophiaeducationfunds\",\"https:\/\/www.youtube.com\/channel\/UCgvJ52xSufTUzWaZWwJJuhw\"],\"logo\":{\"@type\":\"ImageObject\",\"@id\":\"https:\/\/sophiaeducationfunds.org\/es\/#logo\",\"inLanguage\":\"es\",\"url\":\"https:\/\/sophiaeducationfunds.org\/wp-content\/uploads\/2015\/05\/logo_sophia.png\",\"contentUrl\":\"https:\/\/sophiaeducationfunds.org\/wp-content\/uploads\/2015\/05\/logo_sophia.png\",\"width\":196,\"height\":118,\"caption\":\"Sophia Education Funds\"},\"image\":{\"@id\":\"https:\/\/sophiaeducationfunds.org\/es\/#logo\"}},{\"@type\":\"WebSite\",\"@id\":\"https:\/\/sophiaeducationfunds.org\/es\/#website\",\"url\":\"https:\/\/sophiaeducationfunds.org\/es\/\",\"name\":\"Sophia Education Funds\",\"description\":\"A way to contribute to a change\",\"publisher\":{\"@id\":\"https:\/\/sophiaeducationfunds.org\/es\/#organization\"},\"potentialAction\":[{\"@type\":\"SearchAction\",\"target\":{\"@type\":\"EntryPoint\",\"urlTemplate\":\"https:\/\/sophiaeducationfunds.org\/es\/?s={search_term_string}\"},\"query-input\":\"required name=search_term_string\"}],\"inLanguage\":\"es\"},{\"@type\":\"WebPage\",\"@id\":\"https:\/\/sophiaeducationfunds.org\/es\/aviso-legal\/#webpage\",\"url\":\"https:\/\/sophiaeducationfunds.org\/es\/aviso-legal\/\",\"name\":\"Aviso Legal &ndash; Sophia Education Funds\",\"isPartOf\":{\"@id\":\"https:\/\/sophiaeducationfunds.org\/es\/#website\"},\"datePublished\":\"2015-05-07T15:53:44+00:00\",\"dateModified\":\"2021-05-28T11:01:29+00:00\",\"breadcrumb\":{\"@id\":\"https:\/\/sophiaeducationfunds.org\/es\/aviso-legal\/#breadcrumb\"},\"inLanguage\":\"es\",\"potentialAction\":[{\"@type\":\"ReadAction\",\"target\":[\"https:\/\/sophiaeducationfunds.org\/es\/aviso-legal\/\"]}]},{\"@type\":\"BreadcrumbList\",\"@id\":\"https:\/\/sophiaeducationfunds.org\/es\/aviso-legal\/#breadcrumb\",\"itemListElement\":[{\"@type\":\"ListItem\",\"position\":1,\"name\":\"Home\",\"item\":\"https:\/\/sophiaeducationfunds.org\/es\/\"},{\"@type\":\"ListItem\",\"position\":2,\"name\":\"Aviso Legal\"}]}]}<\/script>\n<!-- \/ Yoast SEO plugin. -->","yoast_head_json":{"title":"Aviso Legal &ndash; Sophia Education Funds","robots":{"index":"index","follow":"follow","max-snippet":"max-snippet:-1","max-image-preview":"max-image-preview:large","max-video-preview":"max-video-preview:-1"},"canonical":"https:\/\/sophiaeducationfunds.org\/es\/aviso-legal\/","og_locale":"es_ES","og_type":"article","og_title":"Aviso Legal &ndash; Sophia Education Funds","og_url":"https:\/\/sophiaeducationfunds.org\/es\/aviso-legal\/","og_site_name":"Sophia Education Funds","article_publisher":"https:\/\/www.facebook.com\/sophiaeducationfunds","article_modified_time":"2021-05-28T11:01:29+00:00","twitter_card":"summary_large_image","twitter_misc":{"Tiempo de lectura":"13 minutos"},"schema":{"@context":"https:\/\/schema.org","@graph":[{"@type":"Organization","@id":"https:\/\/sophiaeducationfunds.org\/es\/#organization","name":"Sophia Education Funds","url":"https:\/\/sophiaeducationfunds.org\/es\/","sameAs":["https:\/\/www.facebook.com\/sophiaeducationfunds","https:\/\/www.youtube.com\/channel\/UCgvJ52xSufTUzWaZWwJJuhw"],"logo":{"@type":"ImageObject","@id":"https:\/\/sophiaeducationfunds.org\/es\/#logo","inLanguage":"es","url":"https:\/\/sophiaeducationfunds.org\/wp-content\/uploads\/2015\/05\/logo_sophia.png","contentUrl":"https:\/\/sophiaeducationfunds.org\/wp-content\/uploads\/2015\/05\/logo_sophia.png","width":196,"height":118,"caption":"Sophia Education Funds"},"image":{"@id":"https:\/\/sophiaeducationfunds.org\/es\/#logo"}},{"@type":"WebSite","@id":"https:\/\/sophiaeducationfunds.org\/es\/#website","url":"https:\/\/sophiaeducationfunds.org\/es\/","name":"Sophia Education Funds","description":"A way to contribute to a change","publisher":{"@id":"https:\/\/sophiaeducationfunds.org\/es\/#organization"},"potentialAction":[{"@type":"SearchAction","target":{"@type":"EntryPoint","urlTemplate":"https:\/\/sophiaeducationfunds.org\/es\/?s={search_term_string}"},"query-input":"required name=search_term_string"}],"inLanguage":"es"},{"@type":"WebPage","@id":"https:\/\/sophiaeducationfunds.org\/es\/aviso-legal\/#webpage","url":"https:\/\/sophiaeducationfunds.org\/es\/aviso-legal\/","name":"Aviso Legal &ndash; Sophia Education Funds","isPartOf":{"@id":"https:\/\/sophiaeducationfunds.org\/es\/#website"},"datePublished":"2015-05-07T15:53:44+00:00","dateModified":"2021-05-28T11:01:29+00:00","breadcrumb":{"@id":"https:\/\/sophiaeducationfunds.org\/es\/aviso-legal\/#breadcrumb"},"inLanguage":"es","potentialAction":[{"@type":"ReadAction","target":["https:\/\/sophiaeducationfunds.org\/es\/aviso-legal\/"]}]},{"@type":"BreadcrumbList","@id":"https:\/\/sophiaeducationfunds.org\/es\/aviso-legal\/#breadcrumb","itemListElement":[{"@type":"ListItem","position":1,"name":"Home","item":"https:\/\/sophiaeducationfunds.org\/es\/"},{"@type":"ListItem","position":2,"name":"Aviso Legal"}]}]}},"_links":{"self":[{"href":"https:\/\/sophiaeducationfunds.org\/es\/wp-json\/wp\/v2\/pages\/11537"}],"collection":[{"href":"https:\/\/sophiaeducationfunds.org\/es\/wp-json\/wp\/v2\/pages"}],"about":[{"href":"https:\/\/sophiaeducationfunds.org\/es\/wp-json\/wp\/v2\/types\/page"}],"author":[{"embeddable":true,"href":"https:\/\/sophiaeducationfunds.org\/es\/wp-json\/wp\/v2\/users\/4"}],"replies":[{"embeddable":true,"href":"https:\/\/sophiaeducationfunds.org\/es\/wp-json\/wp\/v2\/comments?post=11537"}],"version-history":[{"count":9,"href":"https:\/\/sophiaeducationfunds.org\/es\/wp-json\/wp\/v2\/pages\/11537\/revisions"}],"predecessor-version":[{"id":12787,"href":"https:\/\/sophiaeducationfunds.org\/es\/wp-json\/wp\/v2\/pages\/11537\/revisions\/12787"}],"wp:attachment":[{"href":"https:\/\/sophiaeducationfunds.org\/es\/wp-json\/wp\/v2\/media?parent=11537"}],"curies":[{"name":"wp","href":"https:\/\/api.w.org\/{rel}","templated":true}]}}