{"id":11976,"date":"2020-10-24T21:27:19","date_gmt":"2020-10-24T21:27:19","guid":{"rendered":"http:\/\/sophiaeducationfunds.org\/home-schooling\/"},"modified":"2020-12-03T15:56:29","modified_gmt":"2020-12-03T15:56:29","slug":"associat","status":"publish","type":"page","link":"https:\/\/sophiaeducationfunds.org\/ca\/associat\/","title":{"rendered":"Associa&#8217;t!"},"content":{"rendered":"<div class=\"fusion-fullwidth fullwidth-box fusion-builder-row-1 fusion-flex-container nonhundred-percent-fullwidth non-hundred-percent-height-scrolling\" style=\"background-color: rgba(255,255,255,0);background-position: center center;background-repeat: no-repeat;border-width: 0px 0px 0px 0px;border-color:#e2e2e2;border-style:solid;\" ><div class=\"fusion-builder-row fusion-row fusion-flex-align-items-flex-start fusion-flex-justify-content-center\" style=\"max-width:1456px;margin-left: calc(-4% \/ 2 );margin-right: calc(-4% \/ 2 );\"><div class=\"fusion-layout-column fusion_builder_column fusion-builder-column-0 fusion_builder_column_1_1 1_1 fusion-flex-column\"><div class=\"fusion-column-wrapper fusion-flex-justify-content-flex-start fusion-content-layout-column\" style=\"background-position:left top;background-repeat:no-repeat;-webkit-background-size:cover;-moz-background-size:cover;-o-background-size:cover;background-size:cover;padding: 0px 0px 0px 0px;\"><style type=\"text\/css\">@media only screen and (max-width:1024px) {.fusion-title.fusion-title-1{margin-top:10px!important;margin-bottom:15px!important;}}@media only screen and (max-width:640px) {.fusion-title.fusion-title-1{margin-top:10px!important;margin-bottom:10px!important;}}<\/style><div class=\"fusion-title title fusion-title-1 fusion-sep-none fusion-title-text fusion-title-size-one maj\" style=\"margin-top:10px;margin-bottom:15px;\"><h1 class=\"title-heading-left\" style=\"margin:0;\">Associa&#8217;t<span class=\"JLqJ4b ChMk0b\" data-language-for-alternatives=\"ca\" data-language-to-translate-into=\"es\" data-phrase-index=\"1\">!<\/span> &#8211; Sophia for Education Talks<\/h1><\/div><div class=\"fusion-separator fusion-full-width-sep\" style=\"align-self: center;margin-left: auto;margin-right: auto;margin-top:10px;width:100%;\"><\/div><div ><style type=\"text\/css\">.fusion-button.button-1 {border-radius:4px;}.fusion-button.button-1 .fusion-button-text {text-transform:uppercase;}<\/style><a class=\"fusion-button button-flat button-large button-default button-1 fusion-button-default-span fusion-button-default-type popmake-12588\" target=\"_self\" href=\"#\"><span class=\"fusion-button-text\">Accedeix al fomulari\u00a0d&#8217;associat<\/span><\/a><\/div>\n<div class=\"fusion-separator fusion-full-width-sep\" style=\"align-self: center;margin-left: auto;margin-right: auto;margin-top:30px;width:100%;\"><\/div><\/div><\/div><style type=\"text\/css\">.fusion-body .fusion-builder-column-0{width:100% !important;margin-top : 0px;margin-bottom : 0px;}.fusion-builder-column-0 > .fusion-column-wrapper {padding-top : 0px !important;padding-right : 0px !important;margin-right : 1.92%;padding-bottom : 0px !important;padding-left : 0px !important;margin-left : 1.92%;}@media only screen and (max-width:1024px) {.fusion-body .fusion-builder-column-0{width:100% !important;order : 0;}.fusion-builder-column-0 > .fusion-column-wrapper {margin-right : 1.92%;margin-left : 1.92%;}}@media only screen and (max-width:640px) {.fusion-body .fusion-builder-column-0{width:100% !important;order : 0;}.fusion-builder-column-0 > .fusion-column-wrapper {margin-right : 1.92%;margin-left : 1.92%;}}<\/style><div class=\"fusion-layout-column fusion_builder_column fusion-builder-column-1 fusion_builder_column_1_4 1_4 fusion-flex-column\"><div class=\"fusion-column-wrapper fusion-flex-justify-content-flex-start fusion-content-layout-column\" style=\"background-position:left top;background-repeat:no-repeat;-webkit-background-size:cover;-moz-background-size:cover;-o-background-size:cover;background-size:cover;padding: 0px 0px 0px 0px;\"><div ><span class=\" fusion-imageframe imageframe-none imageframe-1 hover-type-none\"><img width=\"400\" height=\"400\" title=\"home-schooling-picto\" src=\"https:\/\/sophiaeducationfunds.org\/wp-content\/uploads\/2020\/10\/home-schooling-picto.jpg\" data-orig-src=\"http:\/\/sophiaeducationfunds.org\/wp-content\/uploads\/2020\/10\/home-schooling-picto-400x400.jpg\" class=\"lazyload img-responsive wp-image-11951\" srcset=\"data:image\/svg+xml,%3Csvg%20xmlns%3D%27http%3A%2F%2Fwww.w3.org%2F2000%2Fsvg%27%20width%3D%27500%27%20height%3D%27500%27%20viewBox%3D%270%200%20500%20500%27%3E%3Crect%20width%3D%27500%27%20height%3D%273500%27%20fill-opacity%3D%220%22%2F%3E%3C%2Fsvg%3E\" data-srcset=\"https:\/\/sophiaeducationfunds.org\/wp-content\/uploads\/2020\/10\/home-schooling-picto-200x200.jpg 200w, https:\/\/sophiaeducationfunds.org\/wp-content\/uploads\/2020\/10\/home-schooling-picto-400x400.jpg 400w, https:\/\/sophiaeducationfunds.org\/wp-content\/uploads\/2020\/10\/home-schooling-picto.jpg 500w\" data-sizes=\"auto\" data-orig-sizes=\"(max-width: 1024px) 100vw, (max-width: 640px) 100vw, 400px\" \/><\/span><\/div><\/div><\/div><style type=\"text\/css\">.fusion-body .fusion-builder-column-1{width:25% !important;margin-top : 0px;margin-bottom : 0px;}.fusion-builder-column-1 > .fusion-column-wrapper {padding-top : 0px !important;padding-right : 0px !important;margin-right : 7.68%;padding-bottom : 0px !important;padding-left : 0px !important;margin-left : 7.68%;}@media only screen and (max-width:1024px) {.fusion-body .fusion-builder-column-1{width:100% !important;order : 0;}.fusion-builder-column-1 > .fusion-column-wrapper {margin-right : 1.92%;margin-left : 1.92%;}}@media only screen and (max-width:640px) {.fusion-body .fusion-builder-column-1{width:100% !important;order : 0;}.fusion-builder-column-1 > .fusion-column-wrapper {margin-right : 1.92%;margin-left : 1.92%;}}<\/style><div class=\"fusion-layout-column fusion_builder_column fusion-builder-column-2 fusion_builder_column_3_4 3_4 fusion-flex-column\"><div class=\"fusion-column-wrapper fusion-flex-justify-content-flex-start fusion-content-layout-column\" style=\"background-position:left top;background-repeat:no-repeat;-webkit-background-size:cover;-moz-background-size:cover;-o-background-size:cover;background-size:cover;padding: 0px 0px 0px 0px;\"><div class=\"fusion-text fusion-text-1 color-destacat1 llista-taronja\" style=\"transform:translate3d(0,0,0);\"><h2>Ens reinventem<\/h2>\n<p>Davant el canvi social, econ\u00f2mic, educatiu i mundial en qu\u00e8 ens trobem, Sophia Education est\u00e0 adaptant la plataforma, els continguts i ampliant el personal especialitzat en el sector educatiu, sense perdre l&#8217;enfocament i respectant el motiu de la nostra plataforma: el benestar de els nens, nenes i adolescents.<\/p>\n<h2>Obrim l\u2019Associaci\u00f3 a la participaci\u00f3 de Fam\u00edlies<\/h2>\n<p>Fins a l&#8217;agost 2020 la Associaci\u00f3 no donava la possibilitat a les fam\u00edlies de formar-ne part com a associats; el canvi d&#8217;escenari actual ho ha propiciat per albergar un programa d&#8217;acompanyament a l&#8217;educaci\u00f3 a casa.<\/p>\n<p>Creiem que \u00e9s important dir que el Home Schooling a Espanya est\u00e0 pendent de regulaci\u00f3 i que l&#8217;escolaritzaci\u00f3 \u00e9s obligat\u00f2ria dels 6 als 16 anys.<\/p>\n<p>La vigil\u00e0ncia que exerceix serveis socials \u00e9s per confirmar que el menor est\u00e0 rebent educaci\u00f3, atencions i cures. Per aix\u00f2 cal que es pugui comprovar el pla educatiu, l&#8217;estructura familiar i la situaci\u00f3 de l&#8217;infant \/ a i el seguiment del seu aprenentatge. El cam\u00ed de retorn a l&#8217;escolaritzaci\u00f3 en qualsevol circumst\u00e0ncia \u00e9s sempre possible.<\/p>\n<h2>Com acompanyem les fam\u00edlies?<\/h2>\n<ul>\n<li>A trav\u00e9s d\u2019un canal on-line, a manera d&#8217;escola de pares moderna, on es debaten els temes que interessen, es comparteixen experi\u00e8ncies i es posen en com\u00fa amb els punts de vista i aportacions dels nostres experts en pedagogia.<\/li>\n<\/ul>\n<p style=\"padding-left: 40px;\">Els plantejaments es fan a proposta de les fam\u00edlies, els temes poden afectar un o un grup de nens i nenes. Els eixos prioritaris de temes estan en relaci\u00f3 amb el que ens heu anat expressant: tecnologia, futur acc\u00e9s al mercat laboral, problemes d&#8217;atenci\u00f3 a classe, auto exig\u00e8ncies i estr\u00e8s infantil, depend\u00e8ncia de les pantalles, entre d&#8217;altres.<\/p>\n<ul>\n<li>Con un acompanyament a la formaci\u00f3 a casa, que inclou:<\/li>\n<\/ul>\n<p style=\"padding-left: 40px;\">&#8211; Plans educatius personalitzats<br \/>\n&#8211; Les nostres propostes d&#8217;activitats i programes per educar a casa<br \/>\n&#8211; Assessorament pedag\u00f2gic.<br \/>\n&#8211; Assessorament en avaluaci\u00f3 i seguiment dels aprenentatges dels nens.<br \/>\n&#8211; Contacte amb assessorament legal (servei extern no incl\u00f2s).<br \/>\n&#8211; Contacte amb assist\u00e8ncia psicol\u00f2gica (servei extern no incl\u00f2s).<\/p>\n<\/div><div class=\"fusion-text fusion-text-2 enmarcat\" style=\"transform:translate3d(0,0,0);\"><p>En format de Subscripci\u00f3 anual com a associat\/da (per curs escolar) amb acc\u00e9s opcional al f\u00f2rum per a fam\u00edlies i continguts educatius.<\/p>\n<\/div><div class=\"fusion-text fusion-text-3 color-destacat1 llista-taronja\" style=\"transform:translate3d(0,0,0);\"><h2>Com es concreta?<\/h2>\n<p>a) Pla Educatiu Individual (PEI), que \u00e9s una eina amb benefici doble:<\/p>\n<p style=\"padding-left: 40px;\">a.1.) Ens serveix d&#8217;orientaci\u00f3 i guia.<\/p>\n<p style=\"padding-left: 40px;\">a.2.) Respon a la pregunta de com estem formant als nostres fills, sense improvisaci\u00f3, fruit d&#8217;una decisi\u00f3 meditada i planificada.<\/p>\n<p>b) Material i recursos educatius emprats en el dia a dia:<\/p>\n<p style=\"padding-left: 40px;\">b.1.) Recursos did\u00e0ctics: v\u00eddeos educatius, documentals, fitxes d&#8217;activitats, plantilles, exercicis &#8230; En elaboraci\u00f3 per part de Sophia i de col\u00b7laboradors (en construcci\u00f3). Alineats amb els nostres valors.<\/p>\n<p style=\"padding-left: 40px;\">b.2.) Material: llibres, quaderns, jocs, tablet, ordinador, lupa, calculadora, microscopi, prism\u00e0tics, material manipulable (colors, pintures, adhesius, aquarel\u00b7les, etc &#8230;). Els proporciona la fam\u00edlia.<\/p>\n<p>c) Avaluacions. Ajudem les fam\u00edlies a disposar d&#8217;eines de seguiment de l&#8217;aprenentatge de l&#8217;estudiant (valorar i mesurar l&#8217;aprenentatge per observar la seva evoluci\u00f3 i mostrar-ho en cas necessari). A Sophia treballem amb r\u00fabriques d&#8217;autoavaluaci\u00f3 i d&#8217;avaluaci\u00f3. Treballem capacitats com l&#8217;autocr\u00edtica, l&#8217;autoconeixement, regulaci\u00f3 de les seves responsabilitats i metacognici\u00f3 (consci\u00e8ncia de el resultat del seu esfor\u00e7).<\/p>\n<p style=\"padding-left: 40px;\">c.1.) Portafoli d&#8217;evid\u00e8ncies educatives. Per a aix\u00f2 les fam\u00edlies hauran de contribuir amb:<br \/>\nRecull de fotos, treballs, exercicis, experiments, art i manualitats &#8230; tiquets de sortides i excursions a el teatre, museu, cinema, espectacles, ludoteca, extraescolars &#8230; tot el que experimenten, comparteixen (socialitzen), exploren i aprenen de el m\u00f3n que els envolta en qualsevol \u00e0mbit.<\/p>\n<p style=\"padding-left: 40px;\">c.2.) R\u00fabriques d&#8217;avaluaci\u00f3. Les elaborar\u00e0 Sophia si es demana.<\/p>\n<p>d) Socialitzaci\u00f3. Una de les propostes m\u00e9s esperades per part de les fam\u00edlies \u00e9s la creaci\u00f3 de reunions, zooms, sortides i excursions amb altres fam\u00edlies Home Schoolers; es podr\u00e0 dur a terme depenent de la massa cr\u00edtica de fam\u00edlies per zona geogr\u00e0fica i del moment propici.<\/p>\n<\/div><div class=\"fusion-separator fusion-full-width-sep\" style=\"align-self: center;margin-left: auto;margin-right: auto;margin-top:30px;width:100%;\"><\/div><div class=\"fusion-text fusion-text-4\" style=\"transform:translate3d(0,0,0);\"><p><strong>Per a m\u00e9s informaci\u00f3: <\/strong><br \/>\n<a href=\"mailto:nuria@sophiaeducationfunds.org\">nuria@sophiaeducationfunds.org<\/a><br \/>\n<a href=\"https:\/\/www.youtube.com\/channel\/UCgvJ52xSufTUzWaZWwJJuhw?view_as=subscriber\" target=\"_blank\" rel=\"noopener noreferrer\">Canal Youtube de Sophia<\/a><\/p>\n<\/div><div class=\"fusion-separator fusion-full-width-sep\" style=\"align-self: center;margin-left: auto;margin-right: auto;margin-top:30px;width:100%;\"><\/div><\/div><\/div><style type=\"text\/css\">.fusion-body .fusion-builder-column-2{width:75% !important;margin-top : 0px;margin-bottom : 0px;}.fusion-builder-column-2 > .fusion-column-wrapper {padding-top : 0px !important;padding-right : 0px !important;margin-right : 2.56%;padding-bottom : 0px !important;padding-left : 0px !important;margin-left : 2.56%;}@media only screen and (max-width:1024px) {.fusion-body .fusion-builder-column-2{width:100% !important;order : 0;}.fusion-builder-column-2 > .fusion-column-wrapper {margin-right : 1.92%;margin-left : 1.92%;}}@media only screen and (max-width:640px) {.fusion-body .fusion-builder-column-2{width:100% !important;order : 0;}.fusion-builder-column-2 > .fusion-column-wrapper {margin-right : 1.92%;margin-left : 1.92%;}}<\/style><div class=\"fusion-layout-column fusion_builder_column fusion-builder-column-3 fusion_builder_column_1_1 1_1 fusion-flex-column\"><div class=\"fusion-column-wrapper fusion-flex-justify-content-flex-start fusion-content-layout-column\" style=\"background-position:left top;background-repeat:no-repeat;-webkit-background-size:cover;-moz-background-size:cover;-o-background-size:cover;background-size:cover;padding: 0px 0px 0px 0px;\"><style type=\"text\/css\">@media only screen and (max-width:1024px) {.fusion-title.fusion-title-2{margin-top:10px!important;margin-bottom:15px!important;}}@media only screen and (max-width:640px) {.fusion-title.fusion-title-2{margin-top:10px!important;margin-bottom:10px!important;}}<\/style><div class=\"fusion-title title fusion-title-2 fusion-sep-none fusion-title-center fusion-title-text fusion-title-size-three color-destacat1\" style=\"margin-top:10px;margin-bottom:15px;\"><h3 class=\"title-heading-center\" style=\"margin:0;\">MOLTES GR\u00c0CIES PER LA VOSTRA CONCI\u00c8NCIA, INTER\u00c9S I IMPLICACI\u00d3<\/h3><\/div><div class=\"fusion-text fusion-text-5\" style=\"text-align:right;transform:translate3d(0,0,0);\"><h5 class=\"color-destacat2\">L&#8217;aprenentatge \u00e9s una constant que no hem de canviar, evitar ni frenar.<br \/>\nL&#8217;objecte de l&#8217;educaci\u00f3 \u00e9s formar \u00e9ssers aptes perqu\u00e8 es governin a si mateixos, i no per<br \/>\nser governats pels altres.<\/h5>\n<p>Herbert Spencer<\/p>\n<\/div><\/div><\/div><style type=\"text\/css\">.fusion-body .fusion-builder-column-3{width:100% !important;margin-top : 0px;margin-bottom : 0px;}.fusion-builder-column-3 > .fusion-column-wrapper {padding-top : 0px !important;padding-right : 0px !important;margin-right : 1.92%;padding-bottom : 0px !important;padding-left : 0px !important;margin-left : 1.92%;}@media only screen and (max-width:1024px) {.fusion-body .fusion-builder-column-3{width:100% !important;order : 0;}.fusion-builder-column-3 > .fusion-column-wrapper {margin-right : 1.92%;margin-left : 1.92%;}}@media only screen and (max-width:640px) {.fusion-body .fusion-builder-column-3{width:100% !important;order : 0;}.fusion-builder-column-3 > .fusion-column-wrapper {margin-right : 1.92%;margin-left : 1.92%;}}<\/style><\/div><style type=\"text\/css\">.fusion-body .fusion-flex-container.fusion-builder-row-1{ padding-top : 0px;margin-top : 0px;padding-right : 20px;padding-bottom : 0px;margin-bottom : 0px;padding-left : 20px;}<\/style><\/div>\n","protected":false},"excerpt":{"rendered":"","protected":false},"author":4,"featured_media":0,"parent":0,"menu_order":0,"comment_status":"closed","ping_status":"closed","template":"","meta":[],"yoast_head":"<!-- This site is optimized with the Yoast SEO plugin v18.4.1 - https:\/\/yoast.com\/wordpress\/plugins\/seo\/ -->\n<title>Associa&#039;t! &ndash; Sophia Education Funds<\/title>\n<meta name=\"robots\" content=\"index, follow, max-snippet:-1, max-image-preview:large, max-video-preview:-1\" \/>\n<link rel=\"canonical\" href=\"https:\/\/sophiaeducationfunds.org\/ca\/associat\/\" \/>\n<meta property=\"og:locale\" content=\"ca_ES\" \/>\n<meta property=\"og:type\" content=\"article\" \/>\n<meta property=\"og:title\" content=\"Associa&#039;t! &ndash; Sophia Education Funds\" \/>\n<meta property=\"og:url\" content=\"https:\/\/sophiaeducationfunds.org\/ca\/associat\/\" \/>\n<meta property=\"og:site_name\" content=\"Sophia Education Funds\" \/>\n<meta property=\"article:publisher\" content=\"https:\/\/www.facebook.com\/sophiaeducationfunds\" \/>\n<meta property=\"article:modified_time\" content=\"2020-12-03T15:56:29+00:00\" \/>\n<meta name=\"twitter:card\" content=\"summary_large_image\" \/>\n<meta name=\"twitter:label1\" content=\"Temps estimat de lectura\" \/>\n\t<meta name=\"twitter:data1\" content=\"15 minuts\" \/>\n<script type=\"application\/ld+json\" class=\"yoast-schema-graph\">{\"@context\":\"https:\/\/schema.org\",\"@graph\":[{\"@type\":\"Organization\",\"@id\":\"https:\/\/sophiaeducationfunds.org\/es\/#organization\",\"name\":\"Sophia Education Funds\",\"url\":\"https:\/\/sophiaeducationfunds.org\/es\/\",\"sameAs\":[\"https:\/\/www.facebook.com\/sophiaeducationfunds\",\"https:\/\/www.youtube.com\/channel\/UCgvJ52xSufTUzWaZWwJJuhw\"],\"logo\":{\"@type\":\"ImageObject\",\"@id\":\"https:\/\/sophiaeducationfunds.org\/es\/#logo\",\"inLanguage\":\"ca\",\"url\":\"https:\/\/sophiaeducationfunds.org\/wp-content\/uploads\/2015\/05\/logo_sophia.png\",\"contentUrl\":\"https:\/\/sophiaeducationfunds.org\/wp-content\/uploads\/2015\/05\/logo_sophia.png\",\"width\":196,\"height\":118,\"caption\":\"Sophia Education Funds\"},\"image\":{\"@id\":\"https:\/\/sophiaeducationfunds.org\/es\/#logo\"}},{\"@type\":\"WebSite\",\"@id\":\"https:\/\/sophiaeducationfunds.org\/es\/#website\",\"url\":\"https:\/\/sophiaeducationfunds.org\/es\/\",\"name\":\"Sophia Education Funds\",\"description\":\"A way to contribute to a change\",\"publisher\":{\"@id\":\"https:\/\/sophiaeducationfunds.org\/es\/#organization\"},\"potentialAction\":[{\"@type\":\"SearchAction\",\"target\":{\"@type\":\"EntryPoint\",\"urlTemplate\":\"https:\/\/sophiaeducationfunds.org\/es\/?s={search_term_string}\"},\"query-input\":\"required name=search_term_string\"}],\"inLanguage\":\"ca\"},{\"@type\":\"WebPage\",\"@id\":\"https:\/\/sophiaeducationfunds.org\/ca\/associat\/#webpage\",\"url\":\"https:\/\/sophiaeducationfunds.org\/ca\/associat\/\",\"name\":\"Associa't! &ndash; Sophia Education Funds\",\"isPartOf\":{\"@id\":\"https:\/\/sophiaeducationfunds.org\/es\/#website\"},\"datePublished\":\"2020-10-24T21:27:19+00:00\",\"dateModified\":\"2020-12-03T15:56:29+00:00\",\"breadcrumb\":{\"@id\":\"https:\/\/sophiaeducationfunds.org\/ca\/associat\/#breadcrumb\"},\"inLanguage\":\"ca\",\"potentialAction\":[{\"@type\":\"ReadAction\",\"target\":[\"https:\/\/sophiaeducationfunds.org\/ca\/associat\/\"]}]},{\"@type\":\"BreadcrumbList\",\"@id\":\"https:\/\/sophiaeducationfunds.org\/ca\/associat\/#breadcrumb\",\"itemListElement\":[{\"@type\":\"ListItem\",\"position\":1,\"name\":\"Home\",\"item\":\"https:\/\/sophiaeducationfunds.org\/ca\/\"},{\"@type\":\"ListItem\",\"position\":2,\"name\":\"Associa&#8217;t!\"}]}]}<\/script>\n<!-- \/ Yoast SEO plugin. -->","yoast_head_json":{"title":"Associa't! &ndash; Sophia Education Funds","robots":{"index":"index","follow":"follow","max-snippet":"max-snippet:-1","max-image-preview":"max-image-preview:large","max-video-preview":"max-video-preview:-1"},"canonical":"https:\/\/sophiaeducationfunds.org\/ca\/associat\/","og_locale":"ca_ES","og_type":"article","og_title":"Associa't! &ndash; Sophia Education Funds","og_url":"https:\/\/sophiaeducationfunds.org\/ca\/associat\/","og_site_name":"Sophia Education Funds","article_publisher":"https:\/\/www.facebook.com\/sophiaeducationfunds","article_modified_time":"2020-12-03T15:56:29+00:00","twitter_card":"summary_large_image","twitter_misc":{"Temps estimat de lectura":"15 minuts"},"schema":{"@context":"https:\/\/schema.org","@graph":[{"@type":"Organization","@id":"https:\/\/sophiaeducationfunds.org\/es\/#organization","name":"Sophia Education Funds","url":"https:\/\/sophiaeducationfunds.org\/es\/","sameAs":["https:\/\/www.facebook.com\/sophiaeducationfunds","https:\/\/www.youtube.com\/channel\/UCgvJ52xSufTUzWaZWwJJuhw"],"logo":{"@type":"ImageObject","@id":"https:\/\/sophiaeducationfunds.org\/es\/#logo","inLanguage":"ca","url":"https:\/\/sophiaeducationfunds.org\/wp-content\/uploads\/2015\/05\/logo_sophia.png","contentUrl":"https:\/\/sophiaeducationfunds.org\/wp-content\/uploads\/2015\/05\/logo_sophia.png","width":196,"height":118,"caption":"Sophia Education Funds"},"image":{"@id":"https:\/\/sophiaeducationfunds.org\/es\/#logo"}},{"@type":"WebSite","@id":"https:\/\/sophiaeducationfunds.org\/es\/#website","url":"https:\/\/sophiaeducationfunds.org\/es\/","name":"Sophia Education Funds","description":"A way to contribute to a change","publisher":{"@id":"https:\/\/sophiaeducationfunds.org\/es\/#organization"},"potentialAction":[{"@type":"SearchAction","target":{"@type":"EntryPoint","urlTemplate":"https:\/\/sophiaeducationfunds.org\/es\/?s={search_term_string}"},"query-input":"required name=search_term_string"}],"inLanguage":"ca"},{"@type":"WebPage","@id":"https:\/\/sophiaeducationfunds.org\/ca\/associat\/#webpage","url":"https:\/\/sophiaeducationfunds.org\/ca\/associat\/","name":"Associa't! &ndash; Sophia Education Funds","isPartOf":{"@id":"https:\/\/sophiaeducationfunds.org\/es\/#website"},"datePublished":"2020-10-24T21:27:19+00:00","dateModified":"2020-12-03T15:56:29+00:00","breadcrumb":{"@id":"https:\/\/sophiaeducationfunds.org\/ca\/associat\/#breadcrumb"},"inLanguage":"ca","potentialAction":[{"@type":"ReadAction","target":["https:\/\/sophiaeducationfunds.org\/ca\/associat\/"]}]},{"@type":"BreadcrumbList","@id":"https:\/\/sophiaeducationfunds.org\/ca\/associat\/#breadcrumb","itemListElement":[{"@type":"ListItem","position":1,"name":"Home","item":"https:\/\/sophiaeducationfunds.org\/ca\/"},{"@type":"ListItem","position":2,"name":"Associa&#8217;t!"}]}]}},"_links":{"self":[{"href":"https:\/\/sophiaeducationfunds.org\/ca\/wp-json\/wp\/v2\/pages\/11976"}],"collection":[{"href":"https:\/\/sophiaeducationfunds.org\/ca\/wp-json\/wp\/v2\/pages"}],"about":[{"href":"https:\/\/sophiaeducationfunds.org\/ca\/wp-json\/wp\/v2\/types\/page"}],"author":[{"embeddable":true,"href":"https:\/\/sophiaeducationfunds.org\/ca\/wp-json\/wp\/v2\/users\/4"}],"replies":[{"embeddable":true,"href":"https:\/\/sophiaeducationfunds.org\/ca\/wp-json\/wp\/v2\/comments?post=11976"}],"version-history":[{"count":41,"href":"https:\/\/sophiaeducationfunds.org\/ca\/wp-json\/wp\/v2\/pages\/11976\/revisions"}],"predecessor-version":[{"id":12619,"href":"https:\/\/sophiaeducationfunds.org\/ca\/wp-json\/wp\/v2\/pages\/11976\/revisions\/12619"}],"wp:attachment":[{"href":"https:\/\/sophiaeducationfunds.org\/ca\/wp-json\/wp\/v2\/media?parent=11976"}],"curies":[{"name":"wp","href":"https:\/\/api.w.org\/{rel}","templated":true}]}}