{"id":11536,"date":"2015-05-07T15:53:44","date_gmt":"2015-05-07T15:53:44","guid":{"rendered":"http:\/\/sophiaeducationfunds.org\/legal-notice\/"},"modified":"2021-05-28T11:09:04","modified_gmt":"2021-05-28T11:09:04","slug":"avis-legal","status":"publish","type":"page","link":"https:\/\/sophiaeducationfunds.org\/ca\/avis-legal\/","title":{"rendered":"Av\u00eds Legal"},"content":{"rendered":"<div class=\"fusion-fullwidth fullwidth-box fusion-builder-row-1 fusion-flex-container nonhundred-percent-fullwidth non-hundred-percent-height-scrolling\" style=\"background-color: rgba(255,255,255,0);background-position: center center;background-repeat: no-repeat;border-width: 0px 0px 0px 0px;border-color:#e2e2e2;border-style:solid;\" ><div class=\"fusion-builder-row fusion-row fusion-flex-align-items-flex-start\" style=\"max-width:1456px;margin-left: calc(-4% \/ 2 );margin-right: calc(-4% \/ 2 );\"><div class=\"fusion-layout-column fusion_builder_column fusion-builder-column-0 fusion_builder_column_1_1 1_1 fusion-flex-column\"><div class=\"fusion-column-wrapper fusion-flex-justify-content-flex-start fusion-content-layout-column\" style=\"background-position:left top;background-repeat:no-repeat;-webkit-background-size:cover;-moz-background-size:cover;-o-background-size:cover;background-size:cover;padding: 0px 0px 0px 0px;\"><div class=\"fusion-text fusion-text-1\" style=\"transform:translate3d(0,0,0);\"><p><strong>Av\u00eds legal<\/strong><\/p>\n<p>En compliment amb el deure d&#8217;informaci\u00f3 recollit en la Llei Org\u00e0nica 3\/2018, de 5 de desembre, de Protecci\u00f3 de Dades Personals i garantia dels drets digitals, l&#8217;informem que el Lloc Web i el portal d&#8217;Internet https: \/\/ sophiaeducationfunds. org \/? lang = ca (en endavant, el &#8220;Web&#8221;) \u00e9s titularitat de Sophia for Education Talks, amb domicili social a Muntaner, 292 amb CIF n\u00fam G66676966. El present av\u00eds legal regula les condicions d&#8217;\u00fas de l&#8217;esmentat portal d&#8217;Internet.<br \/>\nEl present av\u00eds legal regula l&#8217;\u00fas de l&#8217;domini ja sigui amb la seva actual denominaci\u00f3 https:\/\/sophiaeducationfunds.org\/?lang=es o amb qualsevol altra amb la qual pugui figurar en el futur, aix\u00ed com les responsabilitats derivades de l&#8217;autoritzaci\u00f3 de la mateixa Sophia for Education Talks respecta la teva privacitat i s&#8217;esfor\u00e7a per oferir-te una experi\u00e8ncia de client segura.<\/p>\n<p><strong>Usuaris<\/strong><br \/>\nS&#8217;ent\u00e9n per &#8220;usuari&#8221; aquella persona, ja sigui f\u00edsica o jur\u00eddica, que accedeixi, navegui, utilitzi o participi en els serveis i activitats, gratu\u00eftes o oneroses, desenvolupades mitjan\u00e7ant el present Lloc Web.<br \/>\n<strong>Llei aplicable i jurisdicci\u00f3<\/strong><br \/>\nAmb car\u00e0cter general les relacions entre Sophia for Education Talks i els usuaris dels seus serveis telem\u00e0tics, presents al web, es troben sotmeses a la legislaci\u00f3 i jurisdicci\u00f3 espanyoles.<br \/>\nLes parts renuncien expressament a l&#8217;fur que els pogu\u00e9s correspondre i sotmeten expressament als Jutjats i Tribunals de Barcelona per resoldre qualsevol controv\u00e8rsia que pugui sorgir en la interpretaci\u00f3 o execuci\u00f3 de les presents condicions contractuals.<br \/>\n<strong>Acceptaci\u00f3 de l&#8217;usuari<\/strong><br \/>\nAquest Av\u00eds Legal regula l&#8217;acc\u00e9s i utilitzaci\u00f3 de la p\u00e0gina web qu\u00e8 Sophia for Education Talks posa a la disposici\u00f3 dels usuaris d&#8217;Internet. Es considera usuari la persona que accedeixi, navegui, utilitzi o participi en els serveis i activitats de la p\u00e0gina web.<br \/>\nL&#8217;usuari queda informat, i accepta, que l&#8217;acc\u00e9s a la present web no suposa, de cap manera, l&#8217;inici d&#8217;una relaci\u00f3 comercial amb Sophia for Education Talks.<br \/>\nL&#8217;acc\u00e9s i navegaci\u00f3 en el lloc web per part de l&#8217;usuari suposa l&#8217;acceptaci\u00f3 de la totalitat de les presents Condicions d&#8217;\u00das. En cas de desacord amb les condicions ha d&#8217;abstenir a fer servir el lloc web.<br \/>\n<strong>Acc\u00e9s al web<\/strong><br \/>\nL&#8217;acc\u00e9s a la p\u00e0gina web per part dels usuaris \u00e9s de car\u00e0cter lliure i gratu\u00eft. Alguns serveis poden trobar-se subjectes a contractaci\u00f3 pr\u00e8via de l&#8217;servei.<br \/>\nEn cas de ser necessari que l&#8217;usuari aporti dades personals per accedir a algun dels serveis, la recollida i el tractament de les dades es realitzaran de conformitat amb la normativa vigent, en concret amb el RGPD. Per a m\u00e9s informaci\u00f3, consulteu la nostra pol\u00edtica de privacitat https:\/\/sophiaeducationfunds.org\/?lang=es.<br \/>\n<strong>Contingut i \u00fas<\/strong><br \/>\nLi preguem que llegeixi atentament l&#8217;Av\u00eds Legal, la nostra Pol\u00edtica de Cookies i la nostra Pol\u00edtica de Privacitat abans d&#8217;utilitzar la present p\u00e0gina web. Mitjan\u00e7ant l&#8217;acc\u00e9s i \u00fas, vost\u00e8 consent quedar vinculat pels textos citats. Si t\u00e9 alguna pregunta relacionada amb l&#8217;anteriorment indicat, pot posar-se en contacte amb Sophia for Education Talks a trav\u00e9s de les vies de contacte facilitades en el present text.<br \/>\nLa visita a la p\u00e0gina web per part de l&#8217;usuari s&#8217;ha de fer de forma responsable i de conformitat a la legalitat vigent, la bona fe, el present Av\u00eds Legal i respectant els drets de propietat intel\u00b7lectual i industrial de titularitat de Sophia for Education Talks o qualsevol altres persones f\u00edsiques o jur\u00eddiques.<br \/>\nL&#8217;usuari es compromet a facilitar a Sophia for Education Talks. les seves dades de contacte de forma vera\u00e7 i exacta (correu electr\u00f2nic i altres dades de contacte necessaris), aix\u00ed com a no proporcionar informaci\u00f3 o documentaci\u00f3 falsa, fraudulenta o il\u00b7l\u00edcita.<br \/>\nL&#8217;\u00fas de qualsevol dels continguts del lloc web amb finalitats que siguin o puguin ser il\u00b7l\u00edcites queda totalment prohibit, aix\u00ed com la realitzaci\u00f3 de qualsevol acci\u00f3 que causi o pugui causar danys o alteracions de qualsevol tipus no consentides per Sophia for Education Talks, a el lloc web o als seus continguts.<br \/>\nQualsevol incompliment de les cl\u00e0usules contingudes en el present Lloc Web (Av\u00eds legal, pol\u00edtica de privacitat, Pol\u00edtica de Cookies, aix\u00ed com altres continguts que contenen obligacions per a l&#8217;usuari), aix\u00ed com qualsevol incompliment de la legalitat vigent a Espanya, ser\u00e0 comunicat de manera immediata a les autoritats pertinents, per part de. Sophia for Education Talks, es compromet a cooperar amb les mateixes.<br \/>\nNing\u00fa ha de realitzar un \u00fas indegut de la present p\u00e0gina web mitjan\u00e7ant la introducci\u00f3 intencionada de programes o materials tecnol\u00f2gics perjudicials o nocius per a la mateixa (per exemple, de virus o troians). No es permet l&#8217;acc\u00e9s no autoritzat a el servidor on es trobi allotjada o relacionada informaci\u00f3 sobre la p\u00e0gina web. De la mateixa manera, queda totalment prohibit realitzar atacs de denegaci\u00f3 de serveis o de servei distribu\u00eft.<br \/>\nEl titular del web no s&#8217;identifica amb les opinions abocades en el mateix pels seus col\u00b7laboradors. L&#8217;associaci\u00f3 es reserva el dret d&#8217;efectuar sense previ av\u00eds les modificacions que consideri oportunes al seu web, podent canviar, suprimir o afegir tant els continguts i serveis que es prestin a trav\u00e9s de la mateixa com la forma en qu\u00e8 aquests apareguin presentats o localitzats en els seus servidors.<br \/>\n<strong>Protecci\u00f3 de Dades de Car\u00e0cter personal<\/strong><br \/>\nLa informaci\u00f3 o dades personals facilitades mitjan\u00e7ant el present lloc web faciliti seran tractades d&#8217;acord amb el que estableix la Pol\u00edtica de Privacitat, aix\u00ed d&#8217;acord amb la legislaci\u00f3 vigent sobre la mateixa.<br \/>\nLes dades de car\u00e0cter personal proporcionades per part de l&#8217;usuari mitjan\u00e7ant el present lloc web formaran part dels fitxers i registres d&#8217;activitat de titular de la mateixa i seran tractades d&#8217;acord amb el que estableix la Pol\u00edtica de Privacitat amb les finalitats indicades per a cada cas. Aquesta informaci\u00f3 t\u00e9 car\u00e0cter confidencial i secret, no podent ser revelada a tercers aliens, sense causa legalment justificada o autoritzaci\u00f3 expressa de l&#8217;usuari en q\u00fcesti\u00f3.<br \/>\nL&#8217;usuari t\u00e9 dret a l&#8217;acc\u00e9s, oposici\u00f3, rectificaci\u00f3, cancel\u00b7laci\u00f3, revocaci\u00f3, limitaci\u00f3 i portabilitat de les seves dades personals a trav\u00e9s de l&#8217;adre\u00e7a de correu electr\u00f2nic: nuria@sophiaeducationfunds.org<br \/>\nPer a m\u00e9s informaci\u00f3 podeu consultar la nostra pol\u00edtica de privacitat.<br \/>\n<strong>Propietat intel\u00b7lectual i industrial<\/strong><br \/>\nEls drets de propietat intel\u00b7lectual de l&#8217;contingut de les p\u00e0gines web, el seu disseny gr\u00e0fic i codis s\u00f3n titularitat de N\u00faria Bosch i de Sophia Education i, per tant, queda prohibida la seva reproducci\u00f3, distribuci\u00f3, comunicaci\u00f3 p\u00fablica, transformaci\u00f3 o qualsevol altra activitat que es realitzi amb els continguts de la p\u00e0gina web, ni tan sols encara que citin les fonts, llevat que es compti amb el consentiment previ, expr\u00e9s i per escrit de Sophia for Education Talks. Tots els noms comercials, marques o signes diferents de qualsevol classe continguts en les p\u00e0gines web de l&#8217;empresa s\u00f3n propietat dels seus amos i estan protegits per llei.<br \/>\nSophia for Education Talks no concedeix cap llic\u00e8ncia o autoritzaci\u00f3 d&#8217;\u00fas de cap classe sobre els seus drets de propietat intel\u00b7lectual i industrial o sobre qualsevol altra propietat o dret relacionat amb el lloc web, i en cap cas s&#8217;entendr\u00e0 que l&#8217;acc\u00e9s i navegaci\u00f3 dels usuaris implica una ren\u00fancia, transmissi\u00f3, llic\u00e8ncia o cessi\u00f3 total ni parcial d&#8217;aquests drets per part de N\u00faria Bosch o de Sophia for Education Talks.<br \/>\nQualsevol \u00fas d&#8217;aquests continguts no autoritzat pr\u00e8viament per part de Sophia for Education Talks ser\u00e0 considerat un incompliment greu dels drets de propietat intel\u00b7lectual o industrial i donar\u00e0 lloc a les responsabilitats legalment establertes. Sophia for Education Talks es reserva el dret d&#8217;exercitar enfront de l&#8217;usuari les accions judicials i extrajudicials que corresponguin.<br \/>\n<strong>Responsabilitat i garanties<\/strong><br \/>\nSophia for Education Talks declara que ha adoptat les mesures necess\u00e0ries que, dins les seves possibilitats i l&#8217;estat de la tecnologia, permetin el correcte funcionament del seu lloc web aix\u00ed com l&#8217;abs\u00e8ncia de virus i components nocius. No obstant aix\u00f2, Sophia for Education Talks no pot fer-se responsable de les seg\u00fcents situacions que s&#8217;enumeren a t\u00edtol enunciatiu, per\u00f2 no limitatiu:<br \/>\nLa continu\u00eftat i disponibilitat dels Continguts.<br \/>\nL&#8217;abs\u00e8ncia d&#8217;errors en aquests continguts ni la correcci\u00f3 de qualsevol defecte que pogu\u00e9s oc\u00f3rrer.<br \/>\nL&#8217;abs\u00e8ncia de virus i \/ o altres components nocius.<br \/>\nEls danys o perjudicis que causi qualsevol persona que vulneri els sistemes de seguretat de Sophia for Education Talks.<br \/>\nL&#8217;\u00fas que els usuaris puguin fer dels continguts inclosos al web. En conseq\u00fc\u00e8ncia, Sophia for Education Talks no garanteix que l&#8217;\u00fas que els usuaris puguin fer dels continguts que, si s&#8217;escau s&#8217;incloguin en el lloc web, s&#8217;ajustin a aquest av\u00eds legal, ni que l&#8217;\u00fas de la p\u00e0gina web es realitzi de forma diligent .<br \/>\nL&#8217;\u00fas per menors d&#8217;edat de la p\u00e0gina web o de l&#8217;enviament de les seves dades personals sense el perm\u00eds dels seus tutors, i els tutors responsables de l&#8217;\u00fas que facin d&#8217;Internet.<br \/>\nEls continguts als quals l&#8217;usuari pugui accedir a trav\u00e9s d&#8217;enlla\u00e7os no autoritzats o introdu\u00efts per usuaris mitjan\u00e7ant comentaris o eines similars.<br \/>\nLa introducci\u00f3 de dades err\u00f2nies per part de l&#8217;usuari o d&#8217;un tercer.<br \/>\nSophia for Education Talks podr\u00e0 suspendre temporalment i sense previ av\u00eds, l&#8217;accessibilitat a la p\u00e0gina web amb motiu d&#8217;operacions de manteniment, reparaci\u00f3, actualitzaci\u00f3 o millora. No obstant, sempre que les circumst\u00e0ncies ho permetin, Sophia for Education Talks comunicar\u00e0 a l&#8217;usuari, amb antelaci\u00f3 suficient, la data prevista per a la suspensi\u00f3 dels continguts.<br \/>\nAix\u00ed mateix, de conformitat amb els Arts. 11 i 16 de la Llei 34\/2002, de 11 de juliol, de serveis de la societat de la informaci\u00f3 i de comer\u00e7 electr\u00f2nic (LSSICE), Sophia for Education Talks es comprometi a l&#8217;eliminaci\u00f3 o, si escau, bloqueig dels continguts que poguessin afectar o ser contraris a la legislaci\u00f3 vigent, els drets de tercers o la moral i ordre p\u00fablic.<br \/>\n<strong>Qualitat de la P\u00e0gina<\/strong><br \/>\nSophia for Education Talks. Posa tots els seus mitjans perqu\u00e8 el contingut i informaci\u00f3 subministrats mitjan\u00e7ant el present lloc web compleixi amb els est\u00e0ndards de qualitat, veracitat, exactitud, fiabilitat, utilitat i actualitat. No obstant aix\u00f2, a causa de la constant din\u00e0mica a la qual es veu subjecta la informaci\u00f3 continguda, no es garanteix el complet compliment d&#8217;aquests est\u00e0ndards en tot moment, tot i que es realitzaran els millors esfor\u00e7os per a aix\u00f2, i donat el cas, es procedir\u00e0 a l&#8217;esmena i \/ o actualitzaci\u00f3 convenient el m\u00e9s aviat que sigui possible.<br \/>\nAix\u00ed mateix, el simple acc\u00e9s a la informaci\u00f3 continguda en el present lloc web no vincula de cap manera a l&#8217;usuari, de manera que no li genera cap comprom\u00eds contractual. L&#8217;acc\u00e9s a aquesta informaci\u00f3 nom\u00e9s t\u00e9 car\u00e0cter informatiu, consultiu i \/ o publicitari.<br \/>\n<strong>Galetes<\/strong><br \/>\nSophia for Education Talks utilitza cookies, als efectes d&#8217;optimitzar i personalitzar la navegaci\u00f3 pel lloc web. Les cookies s\u00f3n fitxers f\u00edsics d&#8217;informaci\u00f3 que s&#8217;allotgen en el propi terminal de l&#8217;usuari, la informaci\u00f3 recollida mitjan\u00e7ant les cookies serveix per facilitar la navegaci\u00f3 d&#8217;l&#8217;usuari pel portal i optimitzar l&#8217;experi\u00e8ncia de navegaci\u00f3. Les dades recopilades mitjan\u00e7ant les galetes poden ser compartits amb els creadors de les mateixes, per\u00f2 en cap cas la informaci\u00f3 obtinguda per les mateixes ser\u00e0 associada a dades personals ni a dades que puguin identificar l&#8217;usuari.<br \/>\nNo obstant aix\u00f2, si l&#8217;usuari no desitja que s&#8217;instal\u00b7lin cookies al seu disc dur, t\u00e9 la possibilitat de configurar el navegador de tal manera que impedeixi la instal\u00b7laci\u00f3 d&#8217;aquests arxius. Per a m\u00e9s informaci\u00f3 consulteu la nostra Pol\u00edtica de Galetes.<br \/>\n<strong>Enlla\u00e7os (links)<\/strong><br \/>\nLa pres\u00e8ncia d&#8217;enlla\u00e7os (links) a la p\u00e0gina web de Sophia for Education Talks cap a altres llocs d&#8217;Internet t\u00e9 finalitat merament informativa i en cap cas suposen suggeriment, invitaci\u00f3 o recomanaci\u00f3 sobre els mateixos. Sophia for Education Talks no assumir\u00e0 responsabilitat pels continguts d&#8217;un enlla\u00e7 pertanyent a un lloc web ali\u00e8, ni garantir\u00e0 la fiabilitat, exactitud, amplitud, veracitat, validesa i disponibilitat t\u00e8cnica.<br \/>\nEn el cas que en altres llocs web s&#8217;estableixin enlla\u00e7os a la p\u00e0gina web de Sophia for Education Talks, no s&#8217;entendr\u00e0 que Sophia for Education Talks ha autoritzat l&#8217;enlla\u00e7 o el contingut del lloc web en el qual es cont\u00e9 l&#8217;enlla\u00e7, tampoc podr\u00e0 incloure en la p\u00e0gina de l&#8217;enlla\u00e7 continguts inapropiats, difamatoris, il\u00b7legals, obscens o il\u00b7l\u00edcits, o dels continguts que siguin contraris a la legalitat vigent.<br \/>\nSophia for Education Talks es reserva la possibilitat de contactar amb el propietari del lloc web en qu\u00e8 s&#8217;estableixi l&#8217;enlla\u00e7 si considera que s&#8217;incompleix la normativa, aix\u00ed com d&#8217;exercitar les corresponents accions judicials i extrajudicials.<br \/>\n<strong>Modificaci\u00f3 de les condicions<\/strong><br \/>\nSophia for Education Talks es reserva expressament el dret a modificar unilateralment, total o parcialment, sense necessitat de previ av\u00eds, el present Av\u00eds Legal produint efectes des del mateix moment de la publicaci\u00f3. I l&#8217;usuari reconeix i accepta que \u00e9s la seva responsabilitat revisar peri\u00f2dicament el present Av\u00eds Legal.<br \/>\nEl lloc web t\u00e9 car\u00e0cter indefinit pel que fa a la seva visualitzaci\u00f3 d&#8217;Internet. No obstant aix\u00f2, quant a el contingut de la mateixa, l&#8217;associaci\u00f3 es reserva el dret a efectuar les modificacions que consideri oportunes sense previ av\u00eds, podent canviar, suprimir o afegir tant els continguts i serveis que es prestin a trav\u00e9s de la mateixa, com la forma en qu\u00e8 aquests apareguin presentats o localitzats.<\/p>\n<\/div><\/div><\/div><style type=\"text\/css\">.fusion-body .fusion-builder-column-0{width:100% !important;margin-top : 0px;margin-bottom : 0px;}.fusion-builder-column-0 > .fusion-column-wrapper {padding-top : 0px !important;padding-right : 0px !important;margin-right : 1.92%;padding-bottom : 0px !important;padding-left : 0px !important;margin-left : 1.92%;}@media only screen and (max-width:1024px) {.fusion-body .fusion-builder-column-0{width:100% !important;}.fusion-builder-column-0 > .fusion-column-wrapper {margin-right : 1.92%;margin-left : 1.92%;}}@media only screen and (max-width:640px) {.fusion-body .fusion-builder-column-0{width:100% !important;}.fusion-builder-column-0 > .fusion-column-wrapper {margin-right : 1.92%;margin-left : 1.92%;}}<\/style><\/div><style type=\"text\/css\">.fusion-body .fusion-flex-container.fusion-builder-row-1{ padding-top : 0px;margin-top : 0px;padding-right : 20px;padding-bottom : 0px;margin-bottom : 0px;padding-left : 20px;}<\/style><\/div>\n","protected":false},"excerpt":{"rendered":"","protected":false},"author":4,"featured_media":0,"parent":0,"menu_order":0,"comment_status":"closed","ping_status":"closed","template":"","meta":[],"yoast_head":"<!-- This site is optimized with the Yoast SEO plugin v18.4.1 - https:\/\/yoast.com\/wordpress\/plugins\/seo\/ -->\n<title>Av\u00eds Legal &ndash; Sophia Education Funds<\/title>\n<meta name=\"robots\" content=\"index, follow, max-snippet:-1, max-image-preview:large, max-video-preview:-1\" \/>\n<link rel=\"canonical\" href=\"https:\/\/sophiaeducationfunds.org\/ca\/avis-legal\/\" \/>\n<meta property=\"og:locale\" content=\"ca_ES\" \/>\n<meta property=\"og:type\" content=\"article\" \/>\n<meta property=\"og:title\" content=\"Av\u00eds Legal &ndash; Sophia Education Funds\" \/>\n<meta property=\"og:url\" content=\"https:\/\/sophiaeducationfunds.org\/ca\/avis-legal\/\" \/>\n<meta property=\"og:site_name\" content=\"Sophia Education Funds\" \/>\n<meta property=\"article:publisher\" content=\"https:\/\/www.facebook.com\/sophiaeducationfunds\" \/>\n<meta property=\"article:modified_time\" content=\"2021-05-28T11:09:04+00:00\" \/>\n<meta name=\"twitter:card\" content=\"summary_large_image\" \/>\n<meta name=\"twitter:label1\" content=\"Temps estimat de lectura\" \/>\n\t<meta name=\"twitter:data1\" content=\"10 minuts\" \/>\n<script type=\"application\/ld+json\" class=\"yoast-schema-graph\">{\"@context\":\"https:\/\/schema.org\",\"@graph\":[{\"@type\":\"Organization\",\"@id\":\"https:\/\/sophiaeducationfunds.org\/es\/#organization\",\"name\":\"Sophia Education Funds\",\"url\":\"https:\/\/sophiaeducationfunds.org\/es\/\",\"sameAs\":[\"https:\/\/www.facebook.com\/sophiaeducationfunds\",\"https:\/\/www.youtube.com\/channel\/UCgvJ52xSufTUzWaZWwJJuhw\"],\"logo\":{\"@type\":\"ImageObject\",\"@id\":\"https:\/\/sophiaeducationfunds.org\/es\/#logo\",\"inLanguage\":\"ca\",\"url\":\"https:\/\/sophiaeducationfunds.org\/wp-content\/uploads\/2015\/05\/logo_sophia.png\",\"contentUrl\":\"https:\/\/sophiaeducationfunds.org\/wp-content\/uploads\/2015\/05\/logo_sophia.png\",\"width\":196,\"height\":118,\"caption\":\"Sophia Education Funds\"},\"image\":{\"@id\":\"https:\/\/sophiaeducationfunds.org\/es\/#logo\"}},{\"@type\":\"WebSite\",\"@id\":\"https:\/\/sophiaeducationfunds.org\/es\/#website\",\"url\":\"https:\/\/sophiaeducationfunds.org\/es\/\",\"name\":\"Sophia Education Funds\",\"description\":\"A way to contribute to a change\",\"publisher\":{\"@id\":\"https:\/\/sophiaeducationfunds.org\/es\/#organization\"},\"potentialAction\":[{\"@type\":\"SearchAction\",\"target\":{\"@type\":\"EntryPoint\",\"urlTemplate\":\"https:\/\/sophiaeducationfunds.org\/es\/?s={search_term_string}\"},\"query-input\":\"required name=search_term_string\"}],\"inLanguage\":\"ca\"},{\"@type\":\"WebPage\",\"@id\":\"https:\/\/sophiaeducationfunds.org\/ca\/avis-legal\/#webpage\",\"url\":\"https:\/\/sophiaeducationfunds.org\/ca\/avis-legal\/\",\"name\":\"Av\u00eds Legal &ndash; Sophia Education Funds\",\"isPartOf\":{\"@id\":\"https:\/\/sophiaeducationfunds.org\/es\/#website\"},\"datePublished\":\"2015-05-07T15:53:44+00:00\",\"dateModified\":\"2021-05-28T11:09:04+00:00\",\"breadcrumb\":{\"@id\":\"https:\/\/sophiaeducationfunds.org\/ca\/avis-legal\/#breadcrumb\"},\"inLanguage\":\"ca\",\"potentialAction\":[{\"@type\":\"ReadAction\",\"target\":[\"https:\/\/sophiaeducationfunds.org\/ca\/avis-legal\/\"]}]},{\"@type\":\"BreadcrumbList\",\"@id\":\"https:\/\/sophiaeducationfunds.org\/ca\/avis-legal\/#breadcrumb\",\"itemListElement\":[{\"@type\":\"ListItem\",\"position\":1,\"name\":\"Home\",\"item\":\"https:\/\/sophiaeducationfunds.org\/ca\/\"},{\"@type\":\"ListItem\",\"position\":2,\"name\":\"Av\u00eds Legal\"}]}]}<\/script>\n<!-- \/ Yoast SEO plugin. -->","yoast_head_json":{"title":"Av\u00eds Legal &ndash; Sophia Education Funds","robots":{"index":"index","follow":"follow","max-snippet":"max-snippet:-1","max-image-preview":"max-image-preview:large","max-video-preview":"max-video-preview:-1"},"canonical":"https:\/\/sophiaeducationfunds.org\/ca\/avis-legal\/","og_locale":"ca_ES","og_type":"article","og_title":"Av\u00eds Legal &ndash; Sophia Education Funds","og_url":"https:\/\/sophiaeducationfunds.org\/ca\/avis-legal\/","og_site_name":"Sophia Education Funds","article_publisher":"https:\/\/www.facebook.com\/sophiaeducationfunds","article_modified_time":"2021-05-28T11:09:04+00:00","twitter_card":"summary_large_image","twitter_misc":{"Temps estimat de lectura":"10 minuts"},"schema":{"@context":"https:\/\/schema.org","@graph":[{"@type":"Organization","@id":"https:\/\/sophiaeducationfunds.org\/es\/#organization","name":"Sophia Education Funds","url":"https:\/\/sophiaeducationfunds.org\/es\/","sameAs":["https:\/\/www.facebook.com\/sophiaeducationfunds","https:\/\/www.youtube.com\/channel\/UCgvJ52xSufTUzWaZWwJJuhw"],"logo":{"@type":"ImageObject","@id":"https:\/\/sophiaeducationfunds.org\/es\/#logo","inLanguage":"ca","url":"https:\/\/sophiaeducationfunds.org\/wp-content\/uploads\/2015\/05\/logo_sophia.png","contentUrl":"https:\/\/sophiaeducationfunds.org\/wp-content\/uploads\/2015\/05\/logo_sophia.png","width":196,"height":118,"caption":"Sophia Education Funds"},"image":{"@id":"https:\/\/sophiaeducationfunds.org\/es\/#logo"}},{"@type":"WebSite","@id":"https:\/\/sophiaeducationfunds.org\/es\/#website","url":"https:\/\/sophiaeducationfunds.org\/es\/","name":"Sophia Education Funds","description":"A way to contribute to a change","publisher":{"@id":"https:\/\/sophiaeducationfunds.org\/es\/#organization"},"potentialAction":[{"@type":"SearchAction","target":{"@type":"EntryPoint","urlTemplate":"https:\/\/sophiaeducationfunds.org\/es\/?s={search_term_string}"},"query-input":"required name=search_term_string"}],"inLanguage":"ca"},{"@type":"WebPage","@id":"https:\/\/sophiaeducationfunds.org\/ca\/avis-legal\/#webpage","url":"https:\/\/sophiaeducationfunds.org\/ca\/avis-legal\/","name":"Av\u00eds Legal &ndash; Sophia Education Funds","isPartOf":{"@id":"https:\/\/sophiaeducationfunds.org\/es\/#website"},"datePublished":"2015-05-07T15:53:44+00:00","dateModified":"2021-05-28T11:09:04+00:00","breadcrumb":{"@id":"https:\/\/sophiaeducationfunds.org\/ca\/avis-legal\/#breadcrumb"},"inLanguage":"ca","potentialAction":[{"@type":"ReadAction","target":["https:\/\/sophiaeducationfunds.org\/ca\/avis-legal\/"]}]},{"@type":"BreadcrumbList","@id":"https:\/\/sophiaeducationfunds.org\/ca\/avis-legal\/#breadcrumb","itemListElement":[{"@type":"ListItem","position":1,"name":"Home","item":"https:\/\/sophiaeducationfunds.org\/ca\/"},{"@type":"ListItem","position":2,"name":"Av\u00eds Legal"}]}]}},"_links":{"self":[{"href":"https:\/\/sophiaeducationfunds.org\/ca\/wp-json\/wp\/v2\/pages\/11536"}],"collection":[{"href":"https:\/\/sophiaeducationfunds.org\/ca\/wp-json\/wp\/v2\/pages"}],"about":[{"href":"https:\/\/sophiaeducationfunds.org\/ca\/wp-json\/wp\/v2\/types\/page"}],"author":[{"embeddable":true,"href":"https:\/\/sophiaeducationfunds.org\/ca\/wp-json\/wp\/v2\/users\/4"}],"replies":[{"embeddable":true,"href":"https:\/\/sophiaeducationfunds.org\/ca\/wp-json\/wp\/v2\/comments?post=11536"}],"version-history":[{"count":8,"href":"https:\/\/sophiaeducationfunds.org\/ca\/wp-json\/wp\/v2\/pages\/11536\/revisions"}],"predecessor-version":[{"id":12788,"href":"https:\/\/sophiaeducationfunds.org\/ca\/wp-json\/wp\/v2\/pages\/11536\/revisions\/12788"}],"wp:attachment":[{"href":"https:\/\/sophiaeducationfunds.org\/ca\/wp-json\/wp\/v2\/media?parent=11536"}],"curies":[{"name":"wp","href":"https:\/\/api.w.org\/{rel}","templated":true}]}}